{"id":74132,"date":"2018-12-18T22:31:22","date_gmt":"2018-12-18T22:31:22","guid":{"rendered":"https:\/\/www.vogantokids.it\/about-us\/"},"modified":"2019-01-23T19:41:22","modified_gmt":"2019-01-23T19:41:22","slug":"about-us","status":"publish","type":"page","link":"https:\/\/www.vogantokids.it\/en\/about-us\/","title":{"rendered":"About us"},"content":{"rendered":"<p>[et_pb_section fb_built=&#8221;1&#8243; _builder_version=&#8221;3.19&#8243;][et_pb_row _builder_version=&#8221;3.19&#8243;][et_pb_column type=&#8221;4_4&#8243; _builder_version=&#8221;3.19&#8243; parallax=&#8221;off&#8221; parallax_method=&#8221;on&#8221;][et_pb_image src=&#8221;https:\/\/www.vogantokids.it\/wp-content\/uploads\/2019\/01\/tagline-en.png&#8221; align=&#8221;center&#8221; _builder_version=&#8221;3.19&#8243;][\/et_pb_image][\/et_pb_column][\/et_pb_row][et_pb_row _builder_version=&#8221;3.19&#8243;][et_pb_column type=&#8221;4_4&#8243; _builder_version=&#8221;3.19&#8243; parallax=&#8221;off&#8221; parallax_method=&#8221;on&#8221;][et_pb_text _builder_version=&#8221;3.19&#8243; text_font=&#8221;|300|||||||&#8221; text_font_size=&#8221;18px&#8221;]<\/p>\n<p style=\"text-align: center;\"><strong>\u201cVOGANTO KIDS\u201d abbigliamento bambina<\/strong><\/p>\n<p style=\"text-align: center;\">\u00e8 un marchio giovane ed originale, che nasce con l\u2019idea di colorare il mondo incantato di tutte le bambine, vestendole di fiori e dei colori dell\u2019arcobaleno.<\/p>\n<p style=\"text-align: center;\">Da queste idee nascono le nostre collezioni,\u00a0con accostamenti che richiamano elementi naturali, animali e soggetti divertenti, per dare pi\u00f9 spazio possibile all\u2019immaginazione il tutto con una ampia scelta di colori perch\u00e9, quando si parla di bambini, \u00e8 importante dare spazio alla creativit\u00e0 e tenere conto della personalit\u00e0 di ognuno di loro. Nelle nostre proposte racchiudiamo la cura per i dettagli, i materiali naturali, la vivacit\u00e0 e il tutto al giusto prezzo.<\/p>\n<p>[\/et_pb_text][\/et_pb_column][\/et_pb_row][et_pb_row _builder_version=&#8221;3.19&#8243;][et_pb_column type=&#8221;4_4&#8243; _builder_version=&#8221;3.19&#8243; parallax=&#8221;off&#8221; parallax_method=&#8221;on&#8221;][et_pb_text _builder_version=&#8221;3.19&#8243; text_font=&#8221;Amatic SC||||||||&#8221; text_font_size=&#8221;38px&#8221;]<\/p>\n<p style=\"text-align: center;\">\u00abYour girls&#8217; choice will be our strongest and most welcome confirmation!!!\u00bb<\/p>\n<p>[\/et_pb_text][\/et_pb_column][\/et_pb_row][\/et_pb_section]<\/p>\n","protected":false},"excerpt":{"rendered":"<p>\u201cVOGANTO KIDS\u201d abbigliamento bambina \u00e8 un marchio giovane ed originale, che nasce con l\u2019idea di colorare il mondo incantato di tutte le bambine, vestendole di fiori e dei colori dell\u2019arcobaleno. Da queste idee nascono le nostre collezioni,\u00a0con accostamenti che richiamano elementi naturali, animali e soggetti divertenti, per dare pi\u00f9 spazio possibile all\u2019immaginazione il tutto con [&hellip;]<\/p>\n","protected":false},"author":2,"featured_media":0,"parent":0,"menu_order":0,"comment_status":"closed","ping_status":"closed","template":"","meta":{"_et_pb_use_builder":"on","_et_pb_old_content":"<p>[vc_row][vc_column][vc_single_image image=\"73815\" img_size=\"full\" alignment=\"center\"][\/vc_column][\/vc_row][vc_row css=\".vc_custom_1544980864524{margin-top: 30px !important;margin-bottom: 30px !important;}\"][vc_column][vc_column_text]<\/p><p style=\"text-align: center;\"><strong>\"VOGANTO KIDS\" abbigliamento bambina<\/strong><\/p><p style=\"text-align: center;\">\u00e8 un marchio giovane ed originale, che nasce con l'idea di colorare il mondo incantato di tutte le bambine, vestendole di fiori e dei colori dell'arcobaleno.<\/p><p style=\"text-align: center;\">Da queste idee nascono le nostre collezioni,\u00a0con accostamenti che richiamano elementi naturali, animali e soggetti divertenti, per dare pi\u00f9 spazio possibile all'immaginazione il tutto con una ampia scelta di colori perch\u00e9, quando si parla di bambini, \u00e8 importante dare spazio alla creativit\u00e0 e tenere conto della personalit\u00e0 di ognuno di loro. Nelle nostre proposte racchiudiamo la cura per i dettagli, i materiali naturali, la vivacit\u00e0 e il tutto al giusto prezzo.<\/p><p>\u00a0<\/p><h3 style=\"text-align: center;\">\u00ab\u00a0La scelta delle vostre bambine sar\u00e0 la nostra pi\u00f9 forte e gradita conferma !!!\u00a0\u00bb<\/h3><p>[\/vc_column_text][\/vc_column][\/vc_row][vc_row][vc_column][vc_column_text]<\/p><p style=\"text-align: center;\"><span style=\"font-family: georgia, palatino, serif; font-size: 14pt;\"><strong>SEGUICI SU<\/strong><\/span><\/p><p>[\/vc_column_text][\/vc_column][\/vc_row][vc_row][vc_column width=\"1\/6\"][\/vc_column][vc_column width=\"1\/6\"][\/vc_column][vc_column width=\"1\/6\"][vc_single_image image=\"73692\" img_size=\"100x100\"][\/vc_column][vc_column width=\"1\/6\"][vc_single_image image=\"73850\" img_size=\"100x100\" alignment=\"center\"][\/vc_column][vc_column width=\"1\/6\"][\/vc_column][vc_column width=\"1\/6\"][\/vc_column][\/vc_row][vc_row full_width=\"stretch_row_content_no_spaces\"][vc_column][vc_single_image image=\"73706\" img_size=\"full\"][\/vc_column][\/vc_row]<\/p>","_et_gb_content_width":"","footnotes":""},"class_list":["post-74132","page","type-page","status-publish","hentry"],"yoast_head":"<!-- This site is optimized with the Yoast SEO plugin v24.7 - https:\/\/yoast.com\/wordpress\/plugins\/seo\/ -->\n<title>About us - Voganto Kids<\/title>\n<meta name=\"robots\" content=\"index, follow, max-snippet:-1, max-image-preview:large, max-video-preview:-1\" \/>\n<link rel=\"canonical\" href=\"https:\/\/www.vogantokids.it\/en\/about-us\/\" \/>\n<meta property=\"og:locale\" content=\"en_US\" \/>\n<meta property=\"og:type\" content=\"article\" \/>\n<meta property=\"og:title\" content=\"About us - Voganto Kids\" \/>\n<meta property=\"og:description\" content=\"\u201cVOGANTO KIDS\u201d abbigliamento bambina \u00e8 un marchio giovane ed originale, che nasce con l\u2019idea di colorare il mondo incantato di tutte le bambine, vestendole di fiori e dei colori dell\u2019arcobaleno. Da queste idee nascono le nostre collezioni,\u00a0con accostamenti che richiamano elementi naturali, animali e soggetti divertenti, per dare pi\u00f9 spazio possibile all\u2019immaginazione il tutto con [&hellip;]\" \/>\n<meta property=\"og:url\" content=\"https:\/\/www.vogantokids.it\/en\/about-us\/\" \/>\n<meta property=\"og:site_name\" content=\"Voganto Kids\" \/>\n<meta property=\"article:modified_time\" content=\"2019-01-23T19:41:22+00:00\" \/>\n<meta name=\"twitter:card\" content=\"summary_large_image\" \/>\n<meta name=\"twitter:label1\" content=\"Est. reading time\" \/>\n\t<meta name=\"twitter:data1\" content=\"1 minute\" \/>\n<script type=\"application\/ld+json\" class=\"yoast-schema-graph\">{\"@context\":\"https:\/\/schema.org\",\"@graph\":[{\"@type\":\"WebPage\",\"@id\":\"https:\/\/www.vogantokids.it\/en\/about-us\/\",\"url\":\"https:\/\/www.vogantokids.it\/en\/about-us\/\",\"name\":\"About us - Voganto Kids\",\"isPartOf\":{\"@id\":\"https:\/\/www.vogantokids.it\/#website\"},\"datePublished\":\"2018-12-18T22:31:22+00:00\",\"dateModified\":\"2019-01-23T19:41:22+00:00\",\"breadcrumb\":{\"@id\":\"https:\/\/www.vogantokids.it\/en\/about-us\/#breadcrumb\"},\"inLanguage\":\"en-US\",\"potentialAction\":[{\"@type\":\"ReadAction\",\"target\":[\"https:\/\/www.vogantokids.it\/en\/about-us\/\"]}]},{\"@type\":\"BreadcrumbList\",\"@id\":\"https:\/\/www.vogantokids.it\/en\/about-us\/#breadcrumb\",\"itemListElement\":[{\"@type\":\"ListItem\",\"position\":1,\"name\":\"Home\",\"item\":\"https:\/\/www.vogantokids.it\/en\/\"},{\"@type\":\"ListItem\",\"position\":2,\"name\":\"About us\"}]},{\"@type\":\"WebSite\",\"@id\":\"https:\/\/www.vogantokids.it\/#website\",\"url\":\"https:\/\/www.vogantokids.it\/\",\"name\":\"Voganto Kids\",\"description\":\"\",\"potentialAction\":[{\"@type\":\"SearchAction\",\"target\":{\"@type\":\"EntryPoint\",\"urlTemplate\":\"https:\/\/www.vogantokids.it\/?s={search_term_string}\"},\"query-input\":{\"@type\":\"PropertyValueSpecification\",\"valueRequired\":true,\"valueName\":\"search_term_string\"}}],\"inLanguage\":\"en-US\"}]}<\/script>\n<!-- \/ Yoast SEO plugin. -->","yoast_head_json":{"title":"About us - Voganto Kids","robots":{"index":"index","follow":"follow","max-snippet":"max-snippet:-1","max-image-preview":"max-image-preview:large","max-video-preview":"max-video-preview:-1"},"canonical":"https:\/\/www.vogantokids.it\/en\/about-us\/","og_locale":"en_US","og_type":"article","og_title":"About us - Voganto Kids","og_description":"\u201cVOGANTO KIDS\u201d abbigliamento bambina \u00e8 un marchio giovane ed originale, che nasce con l\u2019idea di colorare il mondo incantato di tutte le bambine, vestendole di fiori e dei colori dell\u2019arcobaleno. Da queste idee nascono le nostre collezioni,\u00a0con accostamenti che richiamano elementi naturali, animali e soggetti divertenti, per dare pi\u00f9 spazio possibile all\u2019immaginazione il tutto con [&hellip;]","og_url":"https:\/\/www.vogantokids.it\/en\/about-us\/","og_site_name":"Voganto Kids","article_modified_time":"2019-01-23T19:41:22+00:00","twitter_card":"summary_large_image","twitter_misc":{"Est. reading time":"1 minute"},"schema":{"@context":"https:\/\/schema.org","@graph":[{"@type":"WebPage","@id":"https:\/\/www.vogantokids.it\/en\/about-us\/","url":"https:\/\/www.vogantokids.it\/en\/about-us\/","name":"About us - Voganto Kids","isPartOf":{"@id":"https:\/\/www.vogantokids.it\/#website"},"datePublished":"2018-12-18T22:31:22+00:00","dateModified":"2019-01-23T19:41:22+00:00","breadcrumb":{"@id":"https:\/\/www.vogantokids.it\/en\/about-us\/#breadcrumb"},"inLanguage":"en-US","potentialAction":[{"@type":"ReadAction","target":["https:\/\/www.vogantokids.it\/en\/about-us\/"]}]},{"@type":"BreadcrumbList","@id":"https:\/\/www.vogantokids.it\/en\/about-us\/#breadcrumb","itemListElement":[{"@type":"ListItem","position":1,"name":"Home","item":"https:\/\/www.vogantokids.it\/en\/"},{"@type":"ListItem","position":2,"name":"About us"}]},{"@type":"WebSite","@id":"https:\/\/www.vogantokids.it\/#website","url":"https:\/\/www.vogantokids.it\/","name":"Voganto Kids","description":"","potentialAction":[{"@type":"SearchAction","target":{"@type":"EntryPoint","urlTemplate":"https:\/\/www.vogantokids.it\/?s={search_term_string}"},"query-input":{"@type":"PropertyValueSpecification","valueRequired":true,"valueName":"search_term_string"}}],"inLanguage":"en-US"}]}},"_links":{"self":[{"href":"https:\/\/www.vogantokids.it\/en\/wp-json\/wp\/v2\/pages\/74132"}],"collection":[{"href":"https:\/\/www.vogantokids.it\/en\/wp-json\/wp\/v2\/pages"}],"about":[{"href":"https:\/\/www.vogantokids.it\/en\/wp-json\/wp\/v2\/types\/page"}],"author":[{"embeddable":true,"href":"https:\/\/www.vogantokids.it\/en\/wp-json\/wp\/v2\/users\/2"}],"replies":[{"embeddable":true,"href":"https:\/\/www.vogantokids.it\/en\/wp-json\/wp\/v2\/comments?post=74132"}],"version-history":[{"count":12,"href":"https:\/\/www.vogantokids.it\/en\/wp-json\/wp\/v2\/pages\/74132\/revisions"}],"predecessor-version":[{"id":74456,"href":"https:\/\/www.vogantokids.it\/en\/wp-json\/wp\/v2\/pages\/74132\/revisions\/74456"}],"wp:attachment":[{"href":"https:\/\/www.vogantokids.it\/en\/wp-json\/wp\/v2\/media?parent=74132"}],"curies":[{"name":"wp","href":"https:\/\/api.w.org\/{rel}","templated":true}]}}