{"id":74134,"date":"2018-12-18T22:34:15","date_gmt":"2018-12-18T22:34:15","guid":{"rendered":"https:\/\/www.vogantokids.it\/home\/"},"modified":"2018-12-19T19:25:56","modified_gmt":"2018-12-19T19:25:56","slug":"home","status":"publish","type":"page","link":"https:\/\/www.vogantokids.it\/en\/home\/","title":{"rendered":"HOME"},"content":{"rendered":"<p>[vc_row full_width=&#8221;stretch_row_content_no_spaces&#8221; equal_height=&#8221;yes&#8221; content_placement=&#8221;top&#8221; css=&#8221;.vc_custom_1544968595981{margin-top: -20px !important;border-top-width: 0px !important;}&#8221;][vc_column offset=&#8221;vc_hidden-sm vc_hidden-xs&#8221;][layerslider_vc id=&#8221;3&#8243;][\/vc_column][\/vc_row][vc_row full_width=&#8221;stretch_row_content_no_spaces&#8221; equal_height=&#8221;yes&#8221; content_placement=&#8221;top&#8221; css=&#8221;.vc_custom_1545070383469{margin-top: 20px !important;border-top-width: 0px !important;}&#8221;][vc_column offset=&#8221;vc_hidden-lg vc_hidden-md&#8221;][layerslider_vc id=&#8221;4&#8243;][\/vc_column][\/vc_row][vc_row content_placement=&#8221;bottom&#8221; css=&#8221;.vc_custom_1544978817130{margin-top: 20px !important;padding-bottom: 20px !important;background-position: center !important;background-repeat: no-repeat !important;background-size: contain !important;}&#8221;][vc_column width=&#8221;1\/6&#8243;][\/vc_column][vc_column width=&#8221;2\/3&#8243;][vc_single_image image=&#8221;73815&#8243; img_size=&#8221;600&#215;133&#8243; alignment=&#8221;center&#8221;][\/vc_column][vc_column width=&#8221;1\/6&#8243;][\/vc_column][\/vc_row][vc_row css=&#8221;.vc_custom_1544976526892{margin-top: 30px !important;margin-bottom: 30px !important;background-position: center !important;background-repeat: no-repeat !important;background-size: contain !important;}&#8221;][vc_column width=&#8221;1\/3&#8243;][vc_single_image image=&#8221;73790&#8243; img_size=&#8221;400&#215;400&#8243; alignment=&#8221;center&#8221; onclick=&#8221;custom_link&#8221; css_animation=&#8221;none&#8221;][vc_btn title=&#8221;CATALOGUES&#8221; style=&#8221;flat&#8221; shape=&#8221;round&#8221; color=&#8221;warning&#8221; size=&#8221;xs&#8221; align=&#8221;center&#8221; css=&#8221;.vc_custom_1544979768463{margin-top: 15px !important;}&#8221;][\/vc_column][vc_column width=&#8221;1\/3&#8243;][vc_single_image image=&#8221;73785&#8243; img_size=&#8221;400&#215;400&#8243; alignment=&#8221;center&#8221; onclick=&#8221;custom_link&#8221; css_animation=&#8221;none&#8221;][vc_btn title=&#8221;BECOME A RETAILER&#8221; style=&#8221;flat&#8221; shape=&#8221;round&#8221; color=&#8221;peacoc&#8221; size=&#8221;xs&#8221; align=&#8221;center&#8221; css=&#8221;.vc_custom_1544979762728{margin-top: 15px !important;}&#8221;][\/vc_column][vc_column width=&#8221;1\/3&#8243; css=&#8221;.vc_custom_1544974459992{margin-top: 41px !important;}&#8221;][vc_column_text css=&#8221;.vc_custom_1544979856880{margin-top: 10px !important;border-radius: 1px !important;}&#8221;]<\/p>\n<p style=\"text-align: left;\"><span style=\"font-family: georgia, palatino, serif; color: #999999; font-size: 18pt;\"><strong>VOGANTO KIDS<\/strong> <\/span><\/p>\n<p style=\"text-align: left;\"><span style=\"font-family: georgia, palatino, serif; color: #999999; font-size: 14pt;\">Baby girl and boy clothing, a young and original brand born with the idea of coloring the enchanted world of all the girls, dressing them with flowers and the colors of the rainbow.<\/span><\/p>\n<p>[\/vc_column_text][vc_single_image image=&#8221;73846&#8243; img_size=&#8221;207&#215;48&#8243; css=&#8221;.vc_custom_1544979053652{margin-top: 30px !important;}&#8221;][\/vc_column][\/vc_row][vc_row full_width=&#8221;stretch_row_content_no_spaces&#8221;][vc_column][vc_single_image image=&#8221;73824&#8243; img_size=&#8221;full&#8221; alignment=&#8221;center&#8221;][\/vc_column][\/vc_row][vc_row css=&#8221;.vc_custom_1545070651112{margin-top: 50px !important;margin-bottom: 30px !important;}&#8221;][vc_column width=&#8221;1\/2&#8243;][vc_video link=&#8221;https:\/\/youtu.be\/PNxkkE-Obw0&#8243; align=&#8221;center&#8221;][vc_column_text css=&#8221;.vc_custom_1544977030308{margin-top: 20px !important;}&#8221;]<\/p>\n<p style=\"text-align: right;\"><span style=\"color: #999999; font-family: helvetica, arial, sans-serif; font-size: 12pt;\">From these ideas are born our collections, with combinations that recall natural elements, animals and funny subjects, to give more space to the imagination all with a wide choice of colors because, when it comes to children, it is important to give Space for creativity and take into account the personality of each of them. In our proposals we enclose the care for details, natural materials, vivacity and everything at the right price.<\/span><\/p>\n<p>[\/vc_column_text][\/vc_column][vc_column width=&#8221;1\/2&#8243;][vc_single_image image=&#8221;73842&#8243; img_size=&#8221;500&#215;600&#8243;][\/vc_column][\/vc_row][vc_row css=&#8221;.vc_custom_1544979528093{margin-top: 20px !important;}&#8221;][vc_column][vc_column_text]<\/p>\n<p style=\"text-align: center;\"><span style=\"font-family: comic sans ms, sans-serif;\"><strong><span style=\"font-family: book antiqua, palatino, serif;\">Follow us on<\/span><br \/>\n<\/strong><\/span><\/p>\n<p>[\/vc_column_text][\/vc_column][\/vc_row][vc_row css=&#8221;.vc_custom_1544976916333{margin-top: 30px !important;}&#8221;][vc_column width=&#8221;1\/6&#8243;][\/vc_column][vc_column width=&#8221;1\/6&#8243;][\/vc_column][vc_column width=&#8221;1\/6&#8243;][vc_single_image image=&#8221;73692&#8243; img_size=&#8221;100X100&#8243; alignment=&#8221;center&#8221; onclick=&#8221;custom_link&#8221; img_link_target=&#8221;_blank&#8221;][\/vc_column][vc_column width=&#8221;1\/6&#8243;][vc_single_image image=&#8221;73850&#8243; img_size=&#8221;100X100&#8243; alignment=&#8221;center&#8221; onclick=&#8221;custom_link&#8221; img_link_target=&#8221;_blank&#8221;][\/vc_column][vc_column width=&#8221;1\/6&#8243;][\/vc_column][vc_column width=&#8221;1\/6&#8243;][\/vc_column][\/vc_row][vc_row full_width=&#8221;stretch_row_content_no_spaces&#8221; content_placement=&#8221;bottom&#8221; css=&#8221;.vc_custom_1544824049644{background-position: center !important;background-repeat: no-repeat !important;background-size: contain !important;}&#8221;][vc_column][vc_single_image image=&#8221;73706&#8243; img_size=&#8221;full&#8221; alignment=&#8221;center&#8221;][\/vc_column][\/vc_row]<\/p>\n","protected":false},"excerpt":{"rendered":"<p>[vc_row full_width=&#8221;stretch_row_content_no_spaces&#8221; equal_height=&#8221;yes&#8221; content_placement=&#8221;top&#8221; css=&#8221;.vc_custom_1544968595981{margin-top: -20px !important;border-top-width: 0px !important;}&#8221;][vc_column offset=&#8221;vc_hidden-sm vc_hidden-xs&#8221;][layerslider_vc id=&#8221;3&#8243;][\/vc_column][\/vc_row][vc_row full_width=&#8221;stretch_row_content_no_spaces&#8221; equal_height=&#8221;yes&#8221; content_placement=&#8221;top&#8221; css=&#8221;.vc_custom_1545070383469{margin-top: 20px !important;border-top-width: 0px !important;}&#8221;][vc_column offset=&#8221;vc_hidden-lg vc_hidden-md&#8221;][layerslider_vc id=&#8221;4&#8243;][\/vc_column][\/vc_row][vc_row content_placement=&#8221;bottom&#8221; css=&#8221;.vc_custom_1544978817130{margin-top: 20px !important;padding-bottom: 20px !important;background-position: center !important;background-repeat: no-repeat !important;background-size: contain !important;}&#8221;][vc_column width=&#8221;1\/6&#8243;][\/vc_column][vc_column width=&#8221;2\/3&#8243;][vc_single_image image=&#8221;73815&#8243; img_size=&#8221;600&#215;133&#8243; alignment=&#8221;center&#8221;][\/vc_column][vc_column width=&#8221;1\/6&#8243;][\/vc_column][\/vc_row][vc_row css=&#8221;.vc_custom_1544976526892{margin-top: 30px !important;margin-bottom: 30px !important;background-position: center !important;background-repeat: no-repeat !important;background-size: contain !important;}&#8221;][vc_column width=&#8221;1\/3&#8243;][vc_single_image image=&#8221;73790&#8243; img_size=&#8221;400&#215;400&#8243; [&hellip;]<\/p>\n","protected":false},"author":2,"featured_media":0,"parent":0,"menu_order":0,"comment_status":"closed","ping_status":"closed","template":"","meta":{"_et_pb_use_builder":"off","_et_pb_old_content":"<p>[vc_row full_width=\"stretch_row_content_no_spaces\" equal_height=\"yes\" content_placement=\"top\" css=\".vc_custom_1544968595981{margin-top: -20px !important;border-top-width: 0px !important;}\"][vc_column offset=\"vc_hidden-sm vc_hidden-xs\"][layerslider_vc id=\"3\"][\/vc_column][\/vc_row][vc_row full_width=\"stretch_row_content_no_spaces\" equal_height=\"yes\" content_placement=\"top\" css=\".vc_custom_1545070383469{margin-top: 20px !important;border-top-width: 0px !important;}\"][vc_column offset=\"vc_hidden-lg vc_hidden-md\"][layerslider_vc id=\"4\"][\/vc_column][\/vc_row][vc_row content_placement=\"bottom\" css=\".vc_custom_1544978817130{margin-top: 20px !important;padding-bottom: 20px !important;background-position: center !important;background-repeat: no-repeat !important;background-size: contain !important;}\"][vc_column width=\"1\/6\"][\/vc_column][vc_column width=\"2\/3\"][vc_single_image image=\"73815\" img_size=\"600x133\" alignment=\"center\"][\/vc_column][vc_column width=\"1\/6\"][\/vc_column][\/vc_row][vc_row css=\".vc_custom_1544976526892{margin-top: 30px !important;margin-bottom: 30px !important;background-position: center !important;background-repeat: no-repeat !important;background-size: contain !important;}\"][vc_column width=\"1\/3\"][vc_single_image image=\"73790\" img_size=\"400x400\" alignment=\"center\" onclick=\"custom_link\" css_animation=\"none\"][vc_btn title=\"CATALOGHI\" style=\"flat\" shape=\"round\" color=\"warning\" size=\"xs\" align=\"center\" css=\".vc_custom_1544979768463{margin-top: 15px !important;}\"][\/vc_column][vc_column width=\"1\/3\"][vc_single_image image=\"73785\" img_size=\"400x400\" alignment=\"center\" onclick=\"custom_link\" css_animation=\"none\"][vc_btn title=\"DIVENTA RIVENDITORE\" style=\"flat\" shape=\"round\" color=\"peacoc\" size=\"xs\" align=\"center\" css=\".vc_custom_1544979762728{margin-top: 15px !important;}\"][\/vc_column][vc_column width=\"1\/3\" css=\".vc_custom_1544974459992{margin-top: 41px !important;}\"][vc_column_text css=\".vc_custom_1544979856880{margin-top: 10px !important;border-radius: 1px !important;}\"]<\/p><p style=\"text-align: left;\"><span style=\"font-family: georgia, palatino, serif; color: #999999; font-size: 18pt;\"><strong>VOGANTO KIDS<\/strong> <\/span><\/p><p style=\"text-align: left;\"><span style=\"font-family: georgia, palatino, serif; color: #999999; font-size: 14pt;\">Abbigliamento bambina bambino \u00e8 un marchio giovane ed originale, che nasce con l'idea di colorare il mondo incantato di tutte le bambine, vestendole di fiori e dei colori dell'arcobaleno.<\/span><\/p><p>[\/vc_column_text][vc_single_image image=\"73846\" img_size=\"207x48\" css=\".vc_custom_1544979053652{margin-top: 30px !important;}\"][\/vc_column][\/vc_row][vc_row full_width=\"stretch_row_content_no_spaces\"][vc_column][vc_single_image image=\"73824\" img_size=\"full\" alignment=\"center\"][\/vc_column][\/vc_row][vc_row css=\".vc_custom_1545070651112{margin-top: 50px !important;margin-bottom: 30px !important;}\"][vc_column width=\"1\/2\"][vc_video link=\"https:\/\/youtu.be\/PNxkkE-Obw0\" align=\"center\"][vc_column_text css=\".vc_custom_1544977030308{margin-top: 20px !important;}\"]<\/p><p style=\"text-align: right;\"><span style=\"color: #999999; font-family: helvetica, arial, sans-serif; font-size: 12pt;\">Da queste idee nascono le nostre collezioni, con accostamenti che richiamano elementi naturali, animali e soggetti divertenti, per dare pi\u00f9 spazio possibile all\u2019immaginazione il tutto con una ampia scelta di colori perch\u00e9, quando si parla di bambini, \u00e8 importante dare spazio alla creativit\u00e0 e tenere conto della personalit\u00e0 di ognuno di loro. Nelle nostre proposte racchiudiamo la cura per i dettagli, i materiali naturali, la vivacit\u00e0 e il tutto al giusto prezzo.<\/span><\/p><p>[\/vc_column_text][\/vc_column][vc_column width=\"1\/2\"][vc_single_image image=\"73842\" img_size=\"500x600\"][\/vc_column][\/vc_row][vc_row css=\".vc_custom_1544979528093{margin-top: 20px !important;}\"][vc_column][vc_column_text]<\/p><p style=\"text-align: center;\"><span style=\"font-family: comic sans ms, sans-serif;\"><strong><span style=\"font-family: book antiqua, palatino, serif;\">SEGUICI SU<\/span> <\/strong><\/span><\/p><p>[\/vc_column_text][\/vc_column][\/vc_row][vc_row css=\".vc_custom_1544976916333{margin-top: 30px !important;}\"][vc_column width=\"1\/6\"][\/vc_column][vc_column width=\"1\/6\"][\/vc_column][vc_column width=\"1\/6\"][vc_single_image image=\"73692\" img_size=\"100X100\" alignment=\"center\" onclick=\"custom_link\" img_link_target=\"_blank\"][\/vc_column][vc_column width=\"1\/6\"][vc_single_image image=\"73850\" img_size=\"100X100\" alignment=\"center\" onclick=\"custom_link\" img_link_target=\"_blank\"][\/vc_column][vc_column width=\"1\/6\"][\/vc_column][vc_column width=\"1\/6\"][\/vc_column][\/vc_row][vc_row full_width=\"stretch_row_content_no_spaces\" content_placement=\"bottom\" css=\".vc_custom_1544824049644{background-position: center !important;background-repeat: no-repeat !important;background-size: contain !important;}\"][vc_column][vc_single_image image=\"73706\" img_size=\"full\" alignment=\"center\"][\/vc_column][\/vc_row]<\/p>","_et_gb_content_width":"","footnotes":""},"class_list":["post-74134","page","type-page","status-publish","hentry"],"yoast_head":"<!-- This site is optimized with the Yoast SEO plugin v24.7 - https:\/\/yoast.com\/wordpress\/plugins\/seo\/ -->\n<title>HOME - Voganto Kids<\/title>\n<meta name=\"robots\" content=\"index, follow, max-snippet:-1, max-image-preview:large, max-video-preview:-1\" \/>\n<link rel=\"canonical\" href=\"https:\/\/www.vogantokids.it\/en\/home\/\" \/>\n<meta property=\"og:locale\" content=\"en_US\" \/>\n<meta property=\"og:type\" content=\"article\" \/>\n<meta property=\"og:title\" content=\"HOME - Voganto Kids\" \/>\n<meta property=\"og:description\" content=\"[vc_row full_width=&#8221;stretch_row_content_no_spaces&#8221; equal_height=&#8221;yes&#8221; content_placement=&#8221;top&#8221; css=&#8221;.vc_custom_1544968595981{margin-top: -20px !important;border-top-width: 0px !important;}&#8221;][vc_column offset=&#8221;vc_hidden-sm vc_hidden-xs&#8221;][layerslider_vc id=&#8221;3&#8243;][\/vc_column][\/vc_row][vc_row full_width=&#8221;stretch_row_content_no_spaces&#8221; equal_height=&#8221;yes&#8221; content_placement=&#8221;top&#8221; css=&#8221;.vc_custom_1545070383469{margin-top: 20px !important;border-top-width: 0px !important;}&#8221;][vc_column offset=&#8221;vc_hidden-lg vc_hidden-md&#8221;][layerslider_vc id=&#8221;4&#8243;][\/vc_column][\/vc_row][vc_row content_placement=&#8221;bottom&#8221; css=&#8221;.vc_custom_1544978817130{margin-top: 20px !important;padding-bottom: 20px !important;background-position: center !important;background-repeat: no-repeat !important;background-size: contain !important;}&#8221;][vc_column width=&#8221;1\/6&#8243;][\/vc_column][vc_column width=&#8221;2\/3&#8243;][vc_single_image image=&#8221;73815&#8243; img_size=&#8221;600&#215;133&#8243; alignment=&#8221;center&#8221;][\/vc_column][vc_column width=&#8221;1\/6&#8243;][\/vc_column][\/vc_row][vc_row css=&#8221;.vc_custom_1544976526892{margin-top: 30px !important;margin-bottom: 30px !important;background-position: center !important;background-repeat: no-repeat !important;background-size: contain !important;}&#8221;][vc_column width=&#8221;1\/3&#8243;][vc_single_image image=&#8221;73790&#8243; img_size=&#8221;400&#215;400&#8243; [&hellip;]\" \/>\n<meta property=\"og:url\" content=\"https:\/\/www.vogantokids.it\/en\/home\/\" \/>\n<meta property=\"og:site_name\" content=\"Voganto Kids\" \/>\n<meta property=\"article:modified_time\" content=\"2018-12-19T19:25:56+00:00\" \/>\n<meta name=\"twitter:card\" content=\"summary_large_image\" \/>\n<meta name=\"twitter:label1\" content=\"Est. reading time\" \/>\n\t<meta name=\"twitter:data1\" content=\"3 minutes\" \/>\n<script type=\"application\/ld+json\" class=\"yoast-schema-graph\">{\"@context\":\"https:\/\/schema.org\",\"@graph\":[{\"@type\":\"WebPage\",\"@id\":\"https:\/\/www.vogantokids.it\/en\/home\/\",\"url\":\"https:\/\/www.vogantokids.it\/en\/home\/\",\"name\":\"HOME - Voganto Kids\",\"isPartOf\":{\"@id\":\"https:\/\/www.vogantokids.it\/#website\"},\"datePublished\":\"2018-12-18T22:34:15+00:00\",\"dateModified\":\"2018-12-19T19:25:56+00:00\",\"breadcrumb\":{\"@id\":\"https:\/\/www.vogantokids.it\/en\/home\/#breadcrumb\"},\"inLanguage\":\"en-US\",\"potentialAction\":[{\"@type\":\"ReadAction\",\"target\":[\"https:\/\/www.vogantokids.it\/en\/home\/\"]}]},{\"@type\":\"BreadcrumbList\",\"@id\":\"https:\/\/www.vogantokids.it\/en\/home\/#breadcrumb\",\"itemListElement\":[{\"@type\":\"ListItem\",\"position\":1,\"name\":\"Home\",\"item\":\"https:\/\/www.vogantokids.it\/en\/\"},{\"@type\":\"ListItem\",\"position\":2,\"name\":\"HOME\"}]},{\"@type\":\"WebSite\",\"@id\":\"https:\/\/www.vogantokids.it\/#website\",\"url\":\"https:\/\/www.vogantokids.it\/\",\"name\":\"Voganto Kids\",\"description\":\"\",\"potentialAction\":[{\"@type\":\"SearchAction\",\"target\":{\"@type\":\"EntryPoint\",\"urlTemplate\":\"https:\/\/www.vogantokids.it\/?s={search_term_string}\"},\"query-input\":{\"@type\":\"PropertyValueSpecification\",\"valueRequired\":true,\"valueName\":\"search_term_string\"}}],\"inLanguage\":\"en-US\"}]}<\/script>\n<!-- \/ Yoast SEO plugin. -->","yoast_head_json":{"title":"HOME - Voganto Kids","robots":{"index":"index","follow":"follow","max-snippet":"max-snippet:-1","max-image-preview":"max-image-preview:large","max-video-preview":"max-video-preview:-1"},"canonical":"https:\/\/www.vogantokids.it\/en\/home\/","og_locale":"en_US","og_type":"article","og_title":"HOME - Voganto Kids","og_description":"[vc_row full_width=&#8221;stretch_row_content_no_spaces&#8221; equal_height=&#8221;yes&#8221; content_placement=&#8221;top&#8221; css=&#8221;.vc_custom_1544968595981{margin-top: -20px !important;border-top-width: 0px !important;}&#8221;][vc_column offset=&#8221;vc_hidden-sm vc_hidden-xs&#8221;][layerslider_vc id=&#8221;3&#8243;][\/vc_column][\/vc_row][vc_row full_width=&#8221;stretch_row_content_no_spaces&#8221; equal_height=&#8221;yes&#8221; content_placement=&#8221;top&#8221; css=&#8221;.vc_custom_1545070383469{margin-top: 20px !important;border-top-width: 0px !important;}&#8221;][vc_column offset=&#8221;vc_hidden-lg vc_hidden-md&#8221;][layerslider_vc id=&#8221;4&#8243;][\/vc_column][\/vc_row][vc_row content_placement=&#8221;bottom&#8221; css=&#8221;.vc_custom_1544978817130{margin-top: 20px !important;padding-bottom: 20px !important;background-position: center !important;background-repeat: no-repeat !important;background-size: contain !important;}&#8221;][vc_column width=&#8221;1\/6&#8243;][\/vc_column][vc_column width=&#8221;2\/3&#8243;][vc_single_image image=&#8221;73815&#8243; img_size=&#8221;600&#215;133&#8243; alignment=&#8221;center&#8221;][\/vc_column][vc_column width=&#8221;1\/6&#8243;][\/vc_column][\/vc_row][vc_row css=&#8221;.vc_custom_1544976526892{margin-top: 30px !important;margin-bottom: 30px !important;background-position: center !important;background-repeat: no-repeat !important;background-size: contain !important;}&#8221;][vc_column width=&#8221;1\/3&#8243;][vc_single_image image=&#8221;73790&#8243; img_size=&#8221;400&#215;400&#8243; [&hellip;]","og_url":"https:\/\/www.vogantokids.it\/en\/home\/","og_site_name":"Voganto Kids","article_modified_time":"2018-12-19T19:25:56+00:00","twitter_card":"summary_large_image","twitter_misc":{"Est. reading time":"3 minutes"},"schema":{"@context":"https:\/\/schema.org","@graph":[{"@type":"WebPage","@id":"https:\/\/www.vogantokids.it\/en\/home\/","url":"https:\/\/www.vogantokids.it\/en\/home\/","name":"HOME - Voganto Kids","isPartOf":{"@id":"https:\/\/www.vogantokids.it\/#website"},"datePublished":"2018-12-18T22:34:15+00:00","dateModified":"2018-12-19T19:25:56+00:00","breadcrumb":{"@id":"https:\/\/www.vogantokids.it\/en\/home\/#breadcrumb"},"inLanguage":"en-US","potentialAction":[{"@type":"ReadAction","target":["https:\/\/www.vogantokids.it\/en\/home\/"]}]},{"@type":"BreadcrumbList","@id":"https:\/\/www.vogantokids.it\/en\/home\/#breadcrumb","itemListElement":[{"@type":"ListItem","position":1,"name":"Home","item":"https:\/\/www.vogantokids.it\/en\/"},{"@type":"ListItem","position":2,"name":"HOME"}]},{"@type":"WebSite","@id":"https:\/\/www.vogantokids.it\/#website","url":"https:\/\/www.vogantokids.it\/","name":"Voganto Kids","description":"","potentialAction":[{"@type":"SearchAction","target":{"@type":"EntryPoint","urlTemplate":"https:\/\/www.vogantokids.it\/?s={search_term_string}"},"query-input":{"@type":"PropertyValueSpecification","valueRequired":true,"valueName":"search_term_string"}}],"inLanguage":"en-US"}]}},"_links":{"self":[{"href":"https:\/\/www.vogantokids.it\/en\/wp-json\/wp\/v2\/pages\/74134"}],"collection":[{"href":"https:\/\/www.vogantokids.it\/en\/wp-json\/wp\/v2\/pages"}],"about":[{"href":"https:\/\/www.vogantokids.it\/en\/wp-json\/wp\/v2\/types\/page"}],"author":[{"embeddable":true,"href":"https:\/\/www.vogantokids.it\/en\/wp-json\/wp\/v2\/users\/2"}],"replies":[{"embeddable":true,"href":"https:\/\/www.vogantokids.it\/en\/wp-json\/wp\/v2\/comments?post=74134"}],"version-history":[{"count":3,"href":"https:\/\/www.vogantokids.it\/en\/wp-json\/wp\/v2\/pages\/74134\/revisions"}],"predecessor-version":[{"id":74203,"href":"https:\/\/www.vogantokids.it\/en\/wp-json\/wp\/v2\/pages\/74134\/revisions\/74203"}],"wp:attachment":[{"href":"https:\/\/www.vogantokids.it\/en\/wp-json\/wp\/v2\/media?parent=74134"}],"curies":[{"name":"wp","href":"https:\/\/api.w.org\/{rel}","templated":true}]}}