{"id":74166,"date":"2018-12-14T10:36:48","date_gmt":"2018-12-14T10:36:48","guid":{"rendered":"https:\/\/www.vogantokids.it\/home\/"},"modified":"2018-12-19T19:30:28","modified_gmt":"2018-12-19T19:30:28","slug":"home","status":"publish","type":"page","link":"https:\/\/www.vogantokids.it\/fr\/home\/","title":{"rendered":"HOME"},"content":{"rendered":"<p>[vc_row full_width=\u00a0\u00bbstretch_row_content_no_spaces\u00a0\u00bb equal_height=\u00a0\u00bbyes\u00a0\u00bb content_placement=\u00a0\u00bbtop\u00a0\u00bb css=\u00a0\u00bb.vc_custom_1544968595981{margin-top: -20px !important;border-top-width: 0px !important;}\u00a0\u00bb][vc_column offset=\u00a0\u00bbvc_hidden-sm vc_hidden-xs\u00a0\u00bb][layerslider_vc id=\u00a0\u00bb3&Prime;][\/vc_column][\/vc_row][vc_row full_width=\u00a0\u00bbstretch_row_content_no_spaces\u00a0\u00bb equal_height=\u00a0\u00bbyes\u00a0\u00bb content_placement=\u00a0\u00bbtop\u00a0\u00bb css=\u00a0\u00bb.vc_custom_1545070383469{margin-top: 20px !important;border-top-width: 0px !important;}\u00a0\u00bb][vc_column offset=\u00a0\u00bbvc_hidden-lg vc_hidden-md\u00a0\u00bb][layerslider_vc id=\u00a0\u00bb4&Prime;][\/vc_column][\/vc_row][vc_row content_placement=\u00a0\u00bbbottom\u00a0\u00bb css=\u00a0\u00bb.vc_custom_1544978817130{margin-top: 20px !important;padding-bottom: 20px !important;background-position: center !important;background-repeat: no-repeat !important;background-size: contain !important;}\u00a0\u00bb][vc_column width=\u00a0\u00bb1\/6&Prime;][\/vc_column][vc_column width=\u00a0\u00bb2\/3&Prime;][vc_single_image image=\u00a0\u00bb73815&Prime; img_size=\u00a0\u00bb600&#215;133&Prime; alignment=\u00a0\u00bbcenter\u00a0\u00bb][\/vc_column][vc_column width=\u00a0\u00bb1\/6&Prime;][\/vc_column][\/vc_row][vc_row css=\u00a0\u00bb.vc_custom_1544976526892{margin-top: 30px !important;margin-bottom: 30px !important;background-position: center !important;background-repeat: no-repeat !important;background-size: contain !important;}\u00a0\u00bb][vc_column width=\u00a0\u00bb1\/3&Prime;][vc_single_image image=\u00a0\u00bb73790&Prime; img_size=\u00a0\u00bb400&#215;400&Prime; alignment=\u00a0\u00bbcenter\u00a0\u00bb onclick=\u00a0\u00bbcustom_link\u00a0\u00bb css_animation=\u00a0\u00bbnone\u00a0\u00bb][vc_btn title=\u00a0\u00bbCatalogues\u00a0\u00bb style=\u00a0\u00bbflat\u00a0\u00bb shape=\u00a0\u00bbround\u00a0\u00bb color=\u00a0\u00bbwarning\u00a0\u00bb size=\u00a0\u00bbxs\u00a0\u00bb align=\u00a0\u00bbcenter\u00a0\u00bb css=\u00a0\u00bb.vc_custom_1544979768463{margin-top: 15px !important;}\u00a0\u00bb][\/vc_column][vc_column width=\u00a0\u00bb1\/3&Prime;][vc_single_image image=\u00a0\u00bb73785&Prime; img_size=\u00a0\u00bb400&#215;400&Prime; alignment=\u00a0\u00bbcenter\u00a0\u00bb onclick=\u00a0\u00bbcustom_link\u00a0\u00bb css_animation=\u00a0\u00bbnone\u00a0\u00bb][vc_btn title=\u00a0\u00bbDevenez revendeur\u00a0\u00bb style=\u00a0\u00bbflat\u00a0\u00bb shape=\u00a0\u00bbround\u00a0\u00bb color=\u00a0\u00bbpeacoc\u00a0\u00bb size=\u00a0\u00bbxs\u00a0\u00bb align=\u00a0\u00bbcenter\u00a0\u00bb css=\u00a0\u00bb.vc_custom_1544979762728{margin-top: 15px !important;}\u00a0\u00bb][\/vc_column][vc_column width=\u00a0\u00bb1\/3&Prime; css=\u00a0\u00bb.vc_custom_1544974459992{margin-top: 41px !important;}\u00a0\u00bb][vc_column_text css=\u00a0\u00bb.vc_custom_1544979856880{margin-top: 10px !important;border-radius: 1px !important;}\u00a0\u00bb]<\/p>\n<p style=\"text-align: left;\"><span style=\"font-family: georgia, palatino, serif; color: #999999; font-size: 18pt;\"><strong>Voganto KIDS<\/strong> <\/span><\/p>\n<p style=\"text-align: left;\"><span style=\"font-family: georgia, palatino, serif; color: #999999; font-size: 14pt;\">V\u00eatements b\u00e9b\u00e9 fille c&rsquo;est une marque jeune et originale, n\u00e9e avec l&rsquo;id\u00e9e de colorier le monde enchant\u00e9 de toutes les filles, de les habiller avec des fleurs et les couleurs de l&rsquo;arc-en-ciel.<\/span><\/p>\n<p>[\/vc_column_text][vc_single_image image=\u00a0\u00bb73846&Prime; img_size=\u00a0\u00bb207&#215;48&Prime; css=\u00a0\u00bb.vc_custom_1544979053652{margin-top: 30px !important;}\u00a0\u00bb][\/vc_column][\/vc_row][vc_row full_width=\u00a0\u00bbstretch_row_content_no_spaces\u00a0\u00bb][vc_column][vc_single_image image=\u00a0\u00bb73824&Prime; img_size=\u00a0\u00bbfull\u00a0\u00bb alignment=\u00a0\u00bbcenter\u00a0\u00bb][\/vc_column][\/vc_row][vc_row css=\u00a0\u00bb.vc_custom_1545070651112{margin-top: 50px !important;margin-bottom: 30px !important;}\u00a0\u00bb][vc_column width=\u00a0\u00bb1\/2&Prime;][vc_video link=\u00a0\u00bbhttps:\/\/youtu.be\/PNxkkE-Obw0&Prime; align=\u00a0\u00bbcenter\u00a0\u00bb][vc_column_text css=\u00a0\u00bb.vc_custom_1544977030308{margin-top: 20px !important;}\u00a0\u00bb]<\/p>\n<p style=\"text-align: right;\"><span style=\"color: #999999; font-family: helvetica, arial, sans-serif; font-size: 12pt;\">De ces id\u00e9es naissent nos collections, avec des combinaisons qui rappellent les \u00e9l\u00e9ments naturels, les animaux et les sujets dr\u00f4les, pour donner plus d&rsquo;espace \u00e0 l&rsquo;imagination tous avec un large choix de couleurs parce que, quand il s&rsquo;agit d&rsquo;enfants, il est important de donner Espace pour la cr\u00e9ativit\u00e9 et prendre en compte la personnalit\u00e9 de chacun d&rsquo;eux. Dans nos propositions, nous joignons les soins pour les d\u00e9tails, les mat\u00e9riaux naturels, la vivacit\u00e9 et tout au bon prix.<\/span><\/p>\n<p>[\/vc_column_text][\/vc_column][vc_column width=\u00a0\u00bb1\/2&Prime;][vc_single_image image=\u00a0\u00bb73842&Prime; img_size=\u00a0\u00bb500&#215;600&Prime;][\/vc_column][\/vc_row][vc_row css=\u00a0\u00bb.vc_custom_1544979528093{margin-top: 20px !important;}\u00a0\u00bb][vc_column][vc_column_text]<\/p>\n<p style=\"text-align: center;\"><span style=\"font-family: comic sans ms, sans-serif;\"><strong><span style=\"font-family: book antiqua, palatino, serif;\">Suivez-nous sur<\/span> <\/strong><\/span><\/p>\n<p>[\/vc_column_text][\/vc_column][\/vc_row][vc_row css=\u00a0\u00bb.vc_custom_1544976916333{margin-top: 30px !important;}\u00a0\u00bb][vc_column width=\u00a0\u00bb1\/6&Prime;][\/vc_column][vc_column width=\u00a0\u00bb1\/6&Prime;][\/vc_column][vc_column width=\u00a0\u00bb1\/6&Prime;][vc_single_image image=\u00a0\u00bb73692&Prime; img_size=\u00a0\u00bb100X100&Prime; alignment=\u00a0\u00bbcenter\u00a0\u00bb onclick=\u00a0\u00bbcustom_link\u00a0\u00bb img_link_target=\u00a0\u00bb_blank\u00a0\u00bb][\/vc_column][vc_column width=\u00a0\u00bb1\/6&Prime;][vc_single_image image=\u00a0\u00bb73850&Prime; img_size=\u00a0\u00bb100X100&Prime; alignment=\u00a0\u00bbcenter\u00a0\u00bb onclick=\u00a0\u00bbcustom_link\u00a0\u00bb img_link_target=\u00a0\u00bb_blank\u00a0\u00bb][\/vc_column][vc_column width=\u00a0\u00bb1\/6&Prime;][\/vc_column][vc_column width=\u00a0\u00bb1\/6&Prime;][\/vc_column][\/vc_row][vc_row full_width=\u00a0\u00bbstretch_row_content_no_spaces\u00a0\u00bb content_placement=\u00a0\u00bbbottom\u00a0\u00bb css=\u00a0\u00bb.vc_custom_1544824049644{background-position: center !important;background-repeat: no-repeat !important;background-size: contain !important;}\u00a0\u00bb][vc_column][vc_single_image image=\u00a0\u00bb73706&Prime; img_size=\u00a0\u00bbfull\u00a0\u00bb alignment=\u00a0\u00bbcenter\u00a0\u00bb][\/vc_column][\/vc_row]<\/p>\n","protected":false},"excerpt":{"rendered":"<p>[vc_row full_width=\u00a0\u00bbstretch_row_content_no_spaces\u00a0\u00bb equal_height=\u00a0\u00bbyes\u00a0\u00bb content_placement=\u00a0\u00bbtop\u00a0\u00bb css=\u00a0\u00bb.vc_custom_1544968595981{margin-top: -20px !important;border-top-width: 0px !important;}\u00a0\u00bb][vc_column offset=\u00a0\u00bbvc_hidden-sm vc_hidden-xs\u00a0\u00bb][layerslider_vc id=\u00a0\u00bb3&Prime;][\/vc_column][\/vc_row][vc_row full_width=\u00a0\u00bbstretch_row_content_no_spaces\u00a0\u00bb equal_height=\u00a0\u00bbyes\u00a0\u00bb content_placement=\u00a0\u00bbtop\u00a0\u00bb css=\u00a0\u00bb.vc_custom_1545070383469{margin-top: 20px !important;border-top-width: 0px !important;}\u00a0\u00bb][vc_column offset=\u00a0\u00bbvc_hidden-lg vc_hidden-md\u00a0\u00bb][layerslider_vc id=\u00a0\u00bb4&Prime;][\/vc_column][\/vc_row][vc_row content_placement=\u00a0\u00bbbottom\u00a0\u00bb css=\u00a0\u00bb.vc_custom_1544978817130{margin-top: 20px !important;padding-bottom: 20px !important;background-position: center !important;background-repeat: no-repeat !important;background-size: contain !important;}\u00a0\u00bb][vc_column width=\u00a0\u00bb1\/6&Prime;][\/vc_column][vc_column width=\u00a0\u00bb2\/3&Prime;][vc_single_image image=\u00a0\u00bb73815&Prime; img_size=\u00a0\u00bb600&#215;133&Prime; alignment=\u00a0\u00bbcenter\u00a0\u00bb][\/vc_column][vc_column width=\u00a0\u00bb1\/6&Prime;][\/vc_column][\/vc_row][vc_row css=\u00a0\u00bb.vc_custom_1544976526892{margin-top: 30px !important;margin-bottom: 30px !important;background-position: center !important;background-repeat: no-repeat !important;background-size: contain !important;}\u00a0\u00bb][vc_column width=\u00a0\u00bb1\/3&Prime;][vc_single_image image=\u00a0\u00bb73790&Prime; img_size=\u00a0\u00bb400&#215;400&Prime; [&hellip;]<\/p>\n","protected":false},"author":2,"featured_media":0,"parent":0,"menu_order":0,"comment_status":"closed","ping_status":"closed","template":"","meta":{"_et_pb_use_builder":"off","_et_pb_old_content":"<p>[vc_row full_width=\"stretch_row_content_no_spaces\" equal_height=\"yes\" content_placement=\"top\" css=\".vc_custom_1544968595981{margin-top: -20px !important;border-top-width: 0px !important;}\"][vc_column offset=\"vc_hidden-sm vc_hidden-xs\"][layerslider_vc id=\"3\"][\/vc_column][\/vc_row][vc_row full_width=\"stretch_row_content_no_spaces\" equal_height=\"yes\" content_placement=\"top\" css=\".vc_custom_1545070383469{margin-top: 20px !important;border-top-width: 0px !important;}\"][vc_column offset=\"vc_hidden-lg vc_hidden-md\"][layerslider_vc id=\"4\"][\/vc_column][\/vc_row][vc_row content_placement=\"bottom\" css=\".vc_custom_1544978817130{margin-top: 20px !important;padding-bottom: 20px !important;background-position: center !important;background-repeat: no-repeat !important;background-size: contain !important;}\"][vc_column width=\"1\/6\"][\/vc_column][vc_column width=\"2\/3\"][vc_single_image image=\"73815\" img_size=\"600x133\" alignment=\"center\"][\/vc_column][vc_column width=\"1\/6\"][\/vc_column][\/vc_row][vc_row css=\".vc_custom_1544976526892{margin-top: 30px !important;margin-bottom: 30px !important;background-position: center !important;background-repeat: no-repeat !important;background-size: contain !important;}\"][vc_column width=\"1\/3\"][vc_single_image image=\"73790\" img_size=\"400x400\" alignment=\"center\" onclick=\"custom_link\" css_animation=\"none\"][vc_btn title=\"CATALOGHI\" style=\"flat\" shape=\"round\" color=\"warning\" size=\"xs\" align=\"center\" css=\".vc_custom_1544979768463{margin-top: 15px !important;}\"][\/vc_column][vc_column width=\"1\/3\"][vc_single_image image=\"73785\" img_size=\"400x400\" alignment=\"center\" onclick=\"custom_link\" css_animation=\"none\"][vc_btn title=\"DIVENTA RIVENDITORE\" style=\"flat\" shape=\"round\" color=\"peacoc\" size=\"xs\" align=\"center\" css=\".vc_custom_1544979762728{margin-top: 15px !important;}\"][\/vc_column][vc_column width=\"1\/3\" css=\".vc_custom_1544974459992{margin-top: 41px !important;}\"][vc_column_text css=\".vc_custom_1544979856880{margin-top: 10px !important;border-radius: 1px !important;}\"]<\/p><p style=\"text-align: left;\"><span style=\"font-family: georgia, palatino, serif; color: #999999; font-size: 18pt;\"><strong>VOGANTO KIDS<\/strong> <\/span><\/p><p style=\"text-align: left;\"><span style=\"font-family: georgia, palatino, serif; color: #999999; font-size: 14pt;\">Abbigliamento bambina bambino \u00e8 un marchio giovane ed originale, che nasce con l'idea di colorare il mondo incantato di tutte le bambine, vestendole di fiori e dei colori dell'arcobaleno.<\/span><\/p><p>[\/vc_column_text][vc_single_image image=\"73846\" img_size=\"207x48\" css=\".vc_custom_1544979053652{margin-top: 30px !important;}\"][\/vc_column][\/vc_row][vc_row full_width=\"stretch_row_content_no_spaces\"][vc_column][vc_single_image image=\"73824\" img_size=\"full\" alignment=\"center\"][\/vc_column][\/vc_row][vc_row css=\".vc_custom_1545070651112{margin-top: 50px !important;margin-bottom: 30px !important;}\"][vc_column width=\"1\/2\"][vc_video link=\"https:\/\/youtu.be\/PNxkkE-Obw0\" align=\"center\"][vc_column_text css=\".vc_custom_1544977030308{margin-top: 20px !important;}\"]<\/p><p style=\"text-align: right;\"><span style=\"color: #999999; font-family: helvetica, arial, sans-serif; font-size: 12pt;\">Da queste idee nascono le nostre collezioni, con accostamenti che richiamano elementi naturali, animali e soggetti divertenti, per dare pi\u00f9 spazio possibile all\u2019immaginazione il tutto con una ampia scelta di colori perch\u00e9, quando si parla di bambini, \u00e8 importante dare spazio alla creativit\u00e0 e tenere conto della personalit\u00e0 di ognuno di loro. Nelle nostre proposte racchiudiamo la cura per i dettagli, i materiali naturali, la vivacit\u00e0 e il tutto al giusto prezzo.<\/span><\/p><p>[\/vc_column_text][\/vc_column][vc_column width=\"1\/2\"][vc_single_image image=\"73842\" img_size=\"500x600\"][\/vc_column][\/vc_row][vc_row css=\".vc_custom_1544979528093{margin-top: 20px !important;}\"][vc_column][vc_column_text]<\/p><p style=\"text-align: center;\"><span style=\"font-family: comic sans ms, sans-serif;\"><strong><span style=\"font-family: book antiqua, palatino, serif;\">SEGUICI SU<\/span> <\/strong><\/span><\/p><p>[\/vc_column_text][\/vc_column][\/vc_row][vc_row css=\".vc_custom_1544976916333{margin-top: 30px !important;}\"][vc_column width=\"1\/6\"][\/vc_column][vc_column width=\"1\/6\"][\/vc_column][vc_column width=\"1\/6\"][vc_single_image image=\"73692\" img_size=\"100X100\" alignment=\"center\" onclick=\"custom_link\" img_link_target=\"_blank\"][\/vc_column][vc_column width=\"1\/6\"][vc_single_image image=\"73850\" img_size=\"100X100\" alignment=\"center\" onclick=\"custom_link\" img_link_target=\"_blank\"][\/vc_column][vc_column width=\"1\/6\"][\/vc_column][vc_column width=\"1\/6\"][\/vc_column][\/vc_row][vc_row full_width=\"stretch_row_content_no_spaces\" content_placement=\"bottom\" css=\".vc_custom_1544824049644{background-position: center !important;background-repeat: no-repeat !important;background-size: contain !important;}\"][vc_column][vc_single_image image=\"73706\" img_size=\"full\" alignment=\"center\"][\/vc_column][\/vc_row]<\/p>","_et_gb_content_width":"","footnotes":""},"class_list":["post-74166","page","type-page","status-publish","hentry"],"yoast_head":"<!-- This site is optimized with the Yoast SEO plugin v24.7 - https:\/\/yoast.com\/wordpress\/plugins\/seo\/ -->\n<title>HOME - Voganto Kids<\/title>\n<meta name=\"robots\" content=\"index, follow, max-snippet:-1, max-image-preview:large, max-video-preview:-1\" \/>\n<link rel=\"canonical\" href=\"https:\/\/www.vogantokids.it\/fr\/home\/\" \/>\n<meta property=\"og:locale\" content=\"fr_FR\" \/>\n<meta property=\"og:type\" content=\"article\" \/>\n<meta property=\"og:title\" content=\"HOME - Voganto Kids\" \/>\n<meta property=\"og:description\" content=\"[vc_row full_width=\u00a0\u00bbstretch_row_content_no_spaces\u00a0\u00bb equal_height=\u00a0\u00bbyes\u00a0\u00bb content_placement=\u00a0\u00bbtop\u00a0\u00bb css=\u00a0\u00bb.vc_custom_1544968595981{margin-top: -20px !important;border-top-width: 0px !important;}\u00a0\u00bb][vc_column offset=\u00a0\u00bbvc_hidden-sm vc_hidden-xs\u00a0\u00bb][layerslider_vc id=\u00a0\u00bb3&Prime;][\/vc_column][\/vc_row][vc_row full_width=\u00a0\u00bbstretch_row_content_no_spaces\u00a0\u00bb equal_height=\u00a0\u00bbyes\u00a0\u00bb content_placement=\u00a0\u00bbtop\u00a0\u00bb css=\u00a0\u00bb.vc_custom_1545070383469{margin-top: 20px !important;border-top-width: 0px !important;}\u00a0\u00bb][vc_column offset=\u00a0\u00bbvc_hidden-lg vc_hidden-md\u00a0\u00bb][layerslider_vc id=\u00a0\u00bb4&Prime;][\/vc_column][\/vc_row][vc_row content_placement=\u00a0\u00bbbottom\u00a0\u00bb css=\u00a0\u00bb.vc_custom_1544978817130{margin-top: 20px !important;padding-bottom: 20px !important;background-position: center !important;background-repeat: no-repeat !important;background-size: contain !important;}\u00a0\u00bb][vc_column width=\u00a0\u00bb1\/6&Prime;][\/vc_column][vc_column width=\u00a0\u00bb2\/3&Prime;][vc_single_image image=\u00a0\u00bb73815&Prime; img_size=\u00a0\u00bb600&#215;133&Prime; alignment=\u00a0\u00bbcenter\u00a0\u00bb][\/vc_column][vc_column width=\u00a0\u00bb1\/6&Prime;][\/vc_column][\/vc_row][vc_row css=\u00a0\u00bb.vc_custom_1544976526892{margin-top: 30px !important;margin-bottom: 30px !important;background-position: center !important;background-repeat: no-repeat !important;background-size: contain !important;}\u00a0\u00bb][vc_column width=\u00a0\u00bb1\/3&Prime;][vc_single_image image=\u00a0\u00bb73790&Prime; img_size=\u00a0\u00bb400&#215;400&Prime; [&hellip;]\" \/>\n<meta property=\"og:url\" content=\"https:\/\/www.vogantokids.it\/fr\/home\/\" \/>\n<meta property=\"og:site_name\" content=\"Voganto Kids\" \/>\n<meta property=\"article:modified_time\" content=\"2018-12-19T19:30:28+00:00\" \/>\n<meta name=\"twitter:card\" content=\"summary_large_image\" \/>\n<meta name=\"twitter:label1\" content=\"Dur\u00e9e de lecture estim\u00e9e\" \/>\n\t<meta name=\"twitter:data1\" content=\"3 minutes\" \/>\n<script type=\"application\/ld+json\" class=\"yoast-schema-graph\">{\"@context\":\"https:\/\/schema.org\",\"@graph\":[{\"@type\":\"WebPage\",\"@id\":\"https:\/\/www.vogantokids.it\/fr\/home\/\",\"url\":\"https:\/\/www.vogantokids.it\/fr\/home\/\",\"name\":\"HOME - Voganto Kids\",\"isPartOf\":{\"@id\":\"https:\/\/www.vogantokids.it\/#website\"},\"datePublished\":\"2018-12-14T10:36:48+00:00\",\"dateModified\":\"2018-12-19T19:30:28+00:00\",\"breadcrumb\":{\"@id\":\"https:\/\/www.vogantokids.it\/fr\/home\/#breadcrumb\"},\"inLanguage\":\"fr-FR\",\"potentialAction\":[{\"@type\":\"ReadAction\",\"target\":[\"https:\/\/www.vogantokids.it\/fr\/home\/\"]}]},{\"@type\":\"BreadcrumbList\",\"@id\":\"https:\/\/www.vogantokids.it\/fr\/home\/#breadcrumb\",\"itemListElement\":[{\"@type\":\"ListItem\",\"position\":1,\"name\":\"Home\",\"item\":\"https:\/\/www.vogantokids.it\/fr\/\"},{\"@type\":\"ListItem\",\"position\":2,\"name\":\"HOME\"}]},{\"@type\":\"WebSite\",\"@id\":\"https:\/\/www.vogantokids.it\/#website\",\"url\":\"https:\/\/www.vogantokids.it\/\",\"name\":\"Voganto Kids\",\"description\":\"\",\"potentialAction\":[{\"@type\":\"SearchAction\",\"target\":{\"@type\":\"EntryPoint\",\"urlTemplate\":\"https:\/\/www.vogantokids.it\/?s={search_term_string}\"},\"query-input\":{\"@type\":\"PropertyValueSpecification\",\"valueRequired\":true,\"valueName\":\"search_term_string\"}}],\"inLanguage\":\"fr-FR\"}]}<\/script>\n<!-- \/ Yoast SEO plugin. -->","yoast_head_json":{"title":"HOME - Voganto Kids","robots":{"index":"index","follow":"follow","max-snippet":"max-snippet:-1","max-image-preview":"max-image-preview:large","max-video-preview":"max-video-preview:-1"},"canonical":"https:\/\/www.vogantokids.it\/fr\/home\/","og_locale":"fr_FR","og_type":"article","og_title":"HOME - Voganto Kids","og_description":"[vc_row full_width=\u00a0\u00bbstretch_row_content_no_spaces\u00a0\u00bb equal_height=\u00a0\u00bbyes\u00a0\u00bb content_placement=\u00a0\u00bbtop\u00a0\u00bb css=\u00a0\u00bb.vc_custom_1544968595981{margin-top: -20px !important;border-top-width: 0px !important;}\u00a0\u00bb][vc_column offset=\u00a0\u00bbvc_hidden-sm vc_hidden-xs\u00a0\u00bb][layerslider_vc id=\u00a0\u00bb3&Prime;][\/vc_column][\/vc_row][vc_row full_width=\u00a0\u00bbstretch_row_content_no_spaces\u00a0\u00bb equal_height=\u00a0\u00bbyes\u00a0\u00bb content_placement=\u00a0\u00bbtop\u00a0\u00bb css=\u00a0\u00bb.vc_custom_1545070383469{margin-top: 20px !important;border-top-width: 0px !important;}\u00a0\u00bb][vc_column offset=\u00a0\u00bbvc_hidden-lg vc_hidden-md\u00a0\u00bb][layerslider_vc id=\u00a0\u00bb4&Prime;][\/vc_column][\/vc_row][vc_row content_placement=\u00a0\u00bbbottom\u00a0\u00bb css=\u00a0\u00bb.vc_custom_1544978817130{margin-top: 20px !important;padding-bottom: 20px !important;background-position: center !important;background-repeat: no-repeat !important;background-size: contain !important;}\u00a0\u00bb][vc_column width=\u00a0\u00bb1\/6&Prime;][\/vc_column][vc_column width=\u00a0\u00bb2\/3&Prime;][vc_single_image image=\u00a0\u00bb73815&Prime; img_size=\u00a0\u00bb600&#215;133&Prime; alignment=\u00a0\u00bbcenter\u00a0\u00bb][\/vc_column][vc_column width=\u00a0\u00bb1\/6&Prime;][\/vc_column][\/vc_row][vc_row css=\u00a0\u00bb.vc_custom_1544976526892{margin-top: 30px !important;margin-bottom: 30px !important;background-position: center !important;background-repeat: no-repeat !important;background-size: contain !important;}\u00a0\u00bb][vc_column width=\u00a0\u00bb1\/3&Prime;][vc_single_image image=\u00a0\u00bb73790&Prime; img_size=\u00a0\u00bb400&#215;400&Prime; [&hellip;]","og_url":"https:\/\/www.vogantokids.it\/fr\/home\/","og_site_name":"Voganto Kids","article_modified_time":"2018-12-19T19:30:28+00:00","twitter_card":"summary_large_image","twitter_misc":{"Dur\u00e9e de lecture estim\u00e9e":"3 minutes"},"schema":{"@context":"https:\/\/schema.org","@graph":[{"@type":"WebPage","@id":"https:\/\/www.vogantokids.it\/fr\/home\/","url":"https:\/\/www.vogantokids.it\/fr\/home\/","name":"HOME - Voganto Kids","isPartOf":{"@id":"https:\/\/www.vogantokids.it\/#website"},"datePublished":"2018-12-14T10:36:48+00:00","dateModified":"2018-12-19T19:30:28+00:00","breadcrumb":{"@id":"https:\/\/www.vogantokids.it\/fr\/home\/#breadcrumb"},"inLanguage":"fr-FR","potentialAction":[{"@type":"ReadAction","target":["https:\/\/www.vogantokids.it\/fr\/home\/"]}]},{"@type":"BreadcrumbList","@id":"https:\/\/www.vogantokids.it\/fr\/home\/#breadcrumb","itemListElement":[{"@type":"ListItem","position":1,"name":"Home","item":"https:\/\/www.vogantokids.it\/fr\/"},{"@type":"ListItem","position":2,"name":"HOME"}]},{"@type":"WebSite","@id":"https:\/\/www.vogantokids.it\/#website","url":"https:\/\/www.vogantokids.it\/","name":"Voganto Kids","description":"","potentialAction":[{"@type":"SearchAction","target":{"@type":"EntryPoint","urlTemplate":"https:\/\/www.vogantokids.it\/?s={search_term_string}"},"query-input":{"@type":"PropertyValueSpecification","valueRequired":true,"valueName":"search_term_string"}}],"inLanguage":"fr-FR"}]}},"_links":{"self":[{"href":"https:\/\/www.vogantokids.it\/fr\/wp-json\/wp\/v2\/pages\/74166"}],"collection":[{"href":"https:\/\/www.vogantokids.it\/fr\/wp-json\/wp\/v2\/pages"}],"about":[{"href":"https:\/\/www.vogantokids.it\/fr\/wp-json\/wp\/v2\/types\/page"}],"author":[{"embeddable":true,"href":"https:\/\/www.vogantokids.it\/fr\/wp-json\/wp\/v2\/users\/2"}],"replies":[{"embeddable":true,"href":"https:\/\/www.vogantokids.it\/fr\/wp-json\/wp\/v2\/comments?post=74166"}],"version-history":[{"count":3,"href":"https:\/\/www.vogantokids.it\/fr\/wp-json\/wp\/v2\/pages\/74166\/revisions"}],"predecessor-version":[{"id":74211,"href":"https:\/\/www.vogantokids.it\/fr\/wp-json\/wp\/v2\/pages\/74166\/revisions\/74211"}],"wp:attachment":[{"href":"https:\/\/www.vogantokids.it\/fr\/wp-json\/wp\/v2\/media?parent=74166"}],"curies":[{"name":"wp","href":"https:\/\/api.w.org\/{rel}","templated":true}]}}