{"id":74190,"date":"2018-12-14T19:46:21","date_gmt":"2018-12-14T19:46:21","guid":{"rendered":"https:\/\/www.vogantokids.it\/chi-siamo\/"},"modified":"2019-01-23T19:41:22","modified_gmt":"2019-01-23T19:41:22","slug":"chi-siamo","status":"publish","type":"page","link":"https:\/\/www.vogantokids.it\/fr\/chi-siamo\/","title":{"rendered":"Qui nous sommes"},"content":{"rendered":"<p>[et_pb_section fb_built=\u00a0\u00bb1&Prime; _builder_version=\u00a0\u00bb3.19&Prime;][et_pb_row _builder_version=\u00a0\u00bb3.19&Prime;][et_pb_column type=\u00a0\u00bb4_4&Prime; _builder_version=\u00a0\u00bb3.19&Prime; parallax=\u00a0\u00bboff\u00a0\u00bb parallax_method=\u00a0\u00bbon\u00a0\u00bb][et_pb_image src=\u00a0\u00bbhttps:\/\/www.vogantokids.it\/wp-content\/uploads\/2019\/01\/tagline-fr.png\u00a0\u00bb align=\u00a0\u00bbcenter\u00a0\u00bb _builder_version=\u00a0\u00bb3.19&Prime;][\/et_pb_image][\/et_pb_column][\/et_pb_row][et_pb_row _builder_version=\u00a0\u00bb3.19&Prime;][et_pb_column type=\u00a0\u00bb4_4&Prime; _builder_version=\u00a0\u00bb3.19&Prime; parallax=\u00a0\u00bboff\u00a0\u00bb parallax_method=\u00a0\u00bbon\u00a0\u00bb][et_pb_text _builder_version=\u00a0\u00bb3.19&Prime; text_font=\u00a0\u00bb|300|||||||\u00a0\u00bb text_font_size=\u00a0\u00bb18px\u00a0\u00bb]<\/p>\n<p style=\"text-align: center;\"><strong>V\u00eatements pour fille \u00ab\u00a0Voganto KIDS\u00a0\u00bb<\/strong><\/p>\n<p style=\"text-align: center;\">C&rsquo;est une marque jeune et originale, n\u00e9e avec l&rsquo;id\u00e9e de colorier le monde enchant\u00e9 de toutes les filles, de les habiller avec des fleurs et les couleurs de l&rsquo;arc-en-ciel.<\/p>\n<p style=\"text-align: center;\">De ces id\u00e9es naissent nos collections, avec des combinaisons qui rappellent les \u00e9l\u00e9ments naturels, les animaux et les sujets dr\u00f4les, pour donner plus d&rsquo;espace \u00e0 l&rsquo;imagination tous avec un large choix de couleurs parce que, quand il s&rsquo;agit d&rsquo;enfants, il est important de donner Espace pour la cr\u00e9ativit\u00e9 et prendre en compte la personnalit\u00e9 de chacun d&rsquo;eux. Dans nos propositions, nous joignons les soins pour les d\u00e9tails, les mat\u00e9riaux naturels, la vivacit\u00e9 et tout au bon prix.<\/p>\n<p>[\/et_pb_text][\/et_pb_column][\/et_pb_row][et_pb_row _builder_version=\u00a0\u00bb3.19&Prime;][et_pb_column type=\u00a0\u00bb4_4&Prime; _builder_version=\u00a0\u00bb3.19&Prime; parallax=\u00a0\u00bboff\u00a0\u00bb parallax_method=\u00a0\u00bbon\u00a0\u00bb][et_pb_text _builder_version=\u00a0\u00bb3.19&Prime; text_font=\u00a0\u00bbAmatic SC||||||||\u00a0\u00bb text_font_size=\u00a0\u00bb38px\u00a0\u00bb]<\/p>\n<p style=\"text-align: center;\">\u00ab\u00a0Le choix de vos filles sera notre confirmation la plus forte et la plus Bienvenue!!!\u00a0\u00bb<\/p>\n<p>[\/et_pb_text][\/et_pb_column][\/et_pb_row][\/et_pb_section]<\/p>\n","protected":false},"excerpt":{"rendered":"<p>V\u00eatements pour fille \u00ab\u00a0Voganto KIDS\u00a0\u00bb C&rsquo;est une marque jeune et originale, n\u00e9e avec l&rsquo;id\u00e9e de colorier le monde enchant\u00e9 de toutes les filles, de les habiller avec des fleurs et les couleurs de l&rsquo;arc-en-ciel. De ces id\u00e9es naissent nos collections, avec des combinaisons qui rappellent les \u00e9l\u00e9ments naturels, les animaux et les sujets dr\u00f4les, pour [&hellip;]<\/p>\n","protected":false},"author":2,"featured_media":0,"parent":0,"menu_order":0,"comment_status":"closed","ping_status":"closed","template":"","meta":{"_et_pb_use_builder":"on","_et_pb_old_content":"<p>[vc_row][vc_column][vc_single_image image=\"73815\" img_size=\"full\" alignment=\"center\"][\/vc_column][\/vc_row][vc_row css=\".vc_custom_1544980864524{margin-top: 30px !important;margin-bottom: 30px !important;}\"][vc_column][vc_column_text]<\/p><p style=\"text-align: center;\"><strong>\"VOGANTO KIDS\" abbigliamento bambina<\/strong><\/p><p style=\"text-align: center;\">\u00e8 un marchio giovane ed originale, che nasce con l'idea di colorare il mondo incantato di tutte le bambine, vestendole di fiori e dei colori dell'arcobaleno.<\/p><p style=\"text-align: center;\">Da queste idee nascono le nostre collezioni,\u00a0con accostamenti che richiamano elementi naturali, animali e soggetti divertenti, per dare pi\u00f9 spazio possibile all'immaginazione il tutto con una ampia scelta di colori perch\u00e9, quando si parla di bambini, \u00e8 importante dare spazio alla creativit\u00e0 e tenere conto della personalit\u00e0 di ognuno di loro. Nelle nostre proposte racchiudiamo la cura per i dettagli, i materiali naturali, la vivacit\u00e0 e il tutto al giusto prezzo.<\/p><p>\u00a0<\/p><h3 style=\"text-align: center;\">\u00ab\u00a0La scelta delle vostre bambine sar\u00e0 la nostra pi\u00f9 forte e gradita conferma !!!\u00a0\u00bb<\/h3><p>[\/vc_column_text][\/vc_column][\/vc_row][vc_row][vc_column][vc_column_text]<\/p><p style=\"text-align: center;\"><span style=\"font-family: georgia, palatino, serif; font-size: 14pt;\"><strong>SEGUICI SU<\/strong><\/span><\/p><p>[\/vc_column_text][\/vc_column][\/vc_row][vc_row][vc_column width=\"1\/6\"][\/vc_column][vc_column width=\"1\/6\"][\/vc_column][vc_column width=\"1\/6\"][vc_single_image image=\"73692\" img_size=\"100x100\"][\/vc_column][vc_column width=\"1\/6\"][vc_single_image image=\"73850\" img_size=\"100x100\" alignment=\"center\"][\/vc_column][vc_column width=\"1\/6\"][\/vc_column][vc_column width=\"1\/6\"][\/vc_column][\/vc_row][vc_row full_width=\"stretch_row_content_no_spaces\"][vc_column][vc_single_image image=\"73706\" img_size=\"full\"][\/vc_column][\/vc_row]<\/p>","_et_gb_content_width":"","footnotes":""},"class_list":["post-74190","page","type-page","status-publish","hentry"],"yoast_head":"<!-- This site is optimized with the Yoast SEO plugin v24.7 - https:\/\/yoast.com\/wordpress\/plugins\/seo\/ -->\n<title>Qui nous sommes - Voganto Kids<\/title>\n<meta name=\"robots\" content=\"index, follow, max-snippet:-1, max-image-preview:large, max-video-preview:-1\" \/>\n<link rel=\"canonical\" href=\"https:\/\/www.vogantokids.it\/fr\/chi-siamo\/\" \/>\n<meta property=\"og:locale\" content=\"fr_FR\" \/>\n<meta property=\"og:type\" content=\"article\" \/>\n<meta property=\"og:title\" content=\"Qui nous sommes - Voganto Kids\" \/>\n<meta property=\"og:description\" content=\"V\u00eatements pour fille &quot;Voganto KIDS&quot; C&#039;est une marque jeune et originale, n\u00e9e avec l&#039;id\u00e9e de colorier le monde enchant\u00e9 de toutes les filles, de les habiller avec des fleurs et les couleurs de l&#039;arc-en-ciel. De ces id\u00e9es naissent nos collections, avec des combinaisons qui rappellent les \u00e9l\u00e9ments naturels, les animaux et les sujets dr\u00f4les, pour [&hellip;]\" \/>\n<meta property=\"og:url\" content=\"https:\/\/www.vogantokids.it\/fr\/chi-siamo\/\" \/>\n<meta property=\"og:site_name\" content=\"Voganto Kids\" \/>\n<meta property=\"article:modified_time\" content=\"2019-01-23T19:41:22+00:00\" \/>\n<meta name=\"twitter:card\" content=\"summary_large_image\" \/>\n<meta name=\"twitter:label1\" content=\"Dur\u00e9e de lecture estim\u00e9e\" \/>\n\t<meta name=\"twitter:data1\" content=\"1 minute\" \/>\n<script type=\"application\/ld+json\" class=\"yoast-schema-graph\">{\"@context\":\"https:\/\/schema.org\",\"@graph\":[{\"@type\":\"WebPage\",\"@id\":\"https:\/\/www.vogantokids.it\/fr\/chi-siamo\/\",\"url\":\"https:\/\/www.vogantokids.it\/fr\/chi-siamo\/\",\"name\":\"Qui nous sommes - Voganto Kids\",\"isPartOf\":{\"@id\":\"https:\/\/www.vogantokids.it\/#website\"},\"datePublished\":\"2018-12-14T19:46:21+00:00\",\"dateModified\":\"2019-01-23T19:41:22+00:00\",\"breadcrumb\":{\"@id\":\"https:\/\/www.vogantokids.it\/fr\/chi-siamo\/#breadcrumb\"},\"inLanguage\":\"fr-FR\",\"potentialAction\":[{\"@type\":\"ReadAction\",\"target\":[\"https:\/\/www.vogantokids.it\/fr\/chi-siamo\/\"]}]},{\"@type\":\"BreadcrumbList\",\"@id\":\"https:\/\/www.vogantokids.it\/fr\/chi-siamo\/#breadcrumb\",\"itemListElement\":[{\"@type\":\"ListItem\",\"position\":1,\"name\":\"Home\",\"item\":\"https:\/\/www.vogantokids.it\/fr\/\"},{\"@type\":\"ListItem\",\"position\":2,\"name\":\"Qui nous sommes\"}]},{\"@type\":\"WebSite\",\"@id\":\"https:\/\/www.vogantokids.it\/#website\",\"url\":\"https:\/\/www.vogantokids.it\/\",\"name\":\"Voganto Kids\",\"description\":\"\",\"potentialAction\":[{\"@type\":\"SearchAction\",\"target\":{\"@type\":\"EntryPoint\",\"urlTemplate\":\"https:\/\/www.vogantokids.it\/?s={search_term_string}\"},\"query-input\":{\"@type\":\"PropertyValueSpecification\",\"valueRequired\":true,\"valueName\":\"search_term_string\"}}],\"inLanguage\":\"fr-FR\"}]}<\/script>\n<!-- \/ Yoast SEO plugin. -->","yoast_head_json":{"title":"Qui nous sommes - Voganto Kids","robots":{"index":"index","follow":"follow","max-snippet":"max-snippet:-1","max-image-preview":"max-image-preview:large","max-video-preview":"max-video-preview:-1"},"canonical":"https:\/\/www.vogantokids.it\/fr\/chi-siamo\/","og_locale":"fr_FR","og_type":"article","og_title":"Qui nous sommes - Voganto Kids","og_description":"V\u00eatements pour fille \"Voganto KIDS\" C'est une marque jeune et originale, n\u00e9e avec l'id\u00e9e de colorier le monde enchant\u00e9 de toutes les filles, de les habiller avec des fleurs et les couleurs de l'arc-en-ciel. De ces id\u00e9es naissent nos collections, avec des combinaisons qui rappellent les \u00e9l\u00e9ments naturels, les animaux et les sujets dr\u00f4les, pour [&hellip;]","og_url":"https:\/\/www.vogantokids.it\/fr\/chi-siamo\/","og_site_name":"Voganto Kids","article_modified_time":"2019-01-23T19:41:22+00:00","twitter_card":"summary_large_image","twitter_misc":{"Dur\u00e9e de lecture estim\u00e9e":"1 minute"},"schema":{"@context":"https:\/\/schema.org","@graph":[{"@type":"WebPage","@id":"https:\/\/www.vogantokids.it\/fr\/chi-siamo\/","url":"https:\/\/www.vogantokids.it\/fr\/chi-siamo\/","name":"Qui nous sommes - Voganto Kids","isPartOf":{"@id":"https:\/\/www.vogantokids.it\/#website"},"datePublished":"2018-12-14T19:46:21+00:00","dateModified":"2019-01-23T19:41:22+00:00","breadcrumb":{"@id":"https:\/\/www.vogantokids.it\/fr\/chi-siamo\/#breadcrumb"},"inLanguage":"fr-FR","potentialAction":[{"@type":"ReadAction","target":["https:\/\/www.vogantokids.it\/fr\/chi-siamo\/"]}]},{"@type":"BreadcrumbList","@id":"https:\/\/www.vogantokids.it\/fr\/chi-siamo\/#breadcrumb","itemListElement":[{"@type":"ListItem","position":1,"name":"Home","item":"https:\/\/www.vogantokids.it\/fr\/"},{"@type":"ListItem","position":2,"name":"Qui nous sommes"}]},{"@type":"WebSite","@id":"https:\/\/www.vogantokids.it\/#website","url":"https:\/\/www.vogantokids.it\/","name":"Voganto Kids","description":"","potentialAction":[{"@type":"SearchAction","target":{"@type":"EntryPoint","urlTemplate":"https:\/\/www.vogantokids.it\/?s={search_term_string}"},"query-input":{"@type":"PropertyValueSpecification","valueRequired":true,"valueName":"search_term_string"}}],"inLanguage":"fr-FR"}]}},"_links":{"self":[{"href":"https:\/\/www.vogantokids.it\/fr\/wp-json\/wp\/v2\/pages\/74190"}],"collection":[{"href":"https:\/\/www.vogantokids.it\/fr\/wp-json\/wp\/v2\/pages"}],"about":[{"href":"https:\/\/www.vogantokids.it\/fr\/wp-json\/wp\/v2\/types\/page"}],"author":[{"embeddable":true,"href":"https:\/\/www.vogantokids.it\/fr\/wp-json\/wp\/v2\/users\/2"}],"replies":[{"embeddable":true,"href":"https:\/\/www.vogantokids.it\/fr\/wp-json\/wp\/v2\/comments?post=74190"}],"version-history":[{"count":11,"href":"https:\/\/www.vogantokids.it\/fr\/wp-json\/wp\/v2\/pages\/74190\/revisions"}],"predecessor-version":[{"id":74457,"href":"https:\/\/www.vogantokids.it\/fr\/wp-json\/wp\/v2\/pages\/74190\/revisions\/74457"}],"wp:attachment":[{"href":"https:\/\/www.vogantokids.it\/fr\/wp-json\/wp\/v2\/media?parent=74190"}],"curies":[{"name":"wp","href":"https:\/\/api.w.org\/{rel}","templated":true}]}}