{"id":74194,"date":"2018-12-14T19:47:36","date_gmt":"2018-12-14T19:47:36","guid":{"rendered":"https:\/\/www.vogantokids.it\/contattaci\/"},"modified":"2019-03-25T17:47:16","modified_gmt":"2019-03-25T16:47:16","slug":"contattaci","status":"publish","type":"page","link":"https:\/\/www.vogantokids.it\/fr\/contattaci\/","title":{"rendered":"Contactez-nous"},"content":{"rendered":"<p>[et_pb_section fb_built=\u00a0\u00bb1&Prime; _builder_version=\u00a0\u00bb3.19&Prime;][et_pb_row _builder_version=\u00a0\u00bb3.19&Prime;][et_pb_column type=\u00a0\u00bb1_2&Prime; _builder_version=\u00a0\u00bb3.19&Prime;][et_pb_text _builder_version=\u00a0\u00bb3.19&Prime; header_font=\u00a0\u00bbAmatic SC||||||||\u00a0\u00bb header_font_size=\u00a0\u00bb48px\u00a0\u00bb]<\/p>\n<h1>Venez nous rendre visite!<\/h1>\n<p>[\/et_pb_text][et_pb_blurb title=\u00a0\u00bbNous sommes \u00e0 Castelnuovo di Porto (Rome)\u00a0\u00bb use_icon=\u00a0\u00bbon\u00a0\u00bb font_icon=\u00a0\u00bb%%122%%\u00a0\u00bb icon_placement=\u00a0\u00bbleft\u00a0\u00bb _builder_version=\u00a0\u00bb3.19&Prime;]<\/p>\n<p>Circonvallazione della Protezione Civile, n\u00b0 9<\/p>\n<p>[\/et_pb_blurb][et_pb_blurb title=\u00a0\u00bbAppeler!\u00a0\u00bb use_icon=\u00a0\u00bbon\u00a0\u00bb font_icon=\u00a0\u00bb%%104%%\u00a0\u00bb icon_placement=\u00a0\u00bbleft\u00a0\u00bb _builder_version=\u00a0\u00bb3.19&Prime;]<\/p>\n<p><span>T\u00e9l\u00e9phone: + 39 06.90.38.00.64<\/span><br \/><span>Fax: + 39 06.90.85.186<\/span><\/p>\n<p>[\/et_pb_blurb][et_pb_divider color=\u00a0\u00bb#c4c4c4&Prime; _builder_version=\u00a0\u00bb3.19&Prime;][\/et_pb_divider][et_pb_text _builder_version=\u00a0\u00bb3.19&Prime;]<\/p>\n<h3>Heures d&rsquo;ouverture au public<\/h3>\n<p><em><strong>Ouvert<\/strong> <span> <\/span>Du lundi au vendredi<\/em><br \/><em>Matin du 9:30 au 13:30<\/em><br \/><em>Apr\u00e8s-midi du 14:30 au 18:30<\/em><\/p>\n<p><em>Samedi: ferm\u00e9<\/em><br \/><em>Dimanche: ferm\u00e9<\/em><\/p>\n<p>[\/et_pb_text][\/et_pb_column][et_pb_column type=\u00a0\u00bb1_2&Prime; _builder_version=\u00a0\u00bb3.19&Prime;][et_pb_contact_form email=\u00a0\u00bbalessandra@aladdin.it\u00a0\u00bb title=\u00a0\u00bbContactez-nous\u00a0\u00bb form_background_color=\u00a0\u00bb#fcfbef\u00a0\u00bb _builder_version=\u00a0\u00bb3.19.18&Prime; title_font=\u00a0\u00bbAmatic SC||||||||\u00a0\u00bb title_font_size=\u00a0\u00bb48px\u00a0\u00bb form_field_font=\u00a0\u00bb||||||||\u00a0\u00bb form_field_font_size=\u00a0\u00bb14px\u00a0\u00bb form_field_line_height=\u00a0\u00bb1em\u00a0\u00bb border_width_all=\u00a0\u00bb1px\u00a0\u00bb border_color_all=\u00a0\u00bb#cccccc\u00a0\u00bb custom_button=\u00a0\u00bbon\u00a0\u00bb button_text_size=\u00a0\u00bb16px\u00a0\u00bb button_text_color=\u00a0\u00bb#f400fc\u00a0\u00bb button_border_width=\u00a0\u00bb1px\u00a0\u00bb button_font=\u00a0\u00bb||||||||\u00a0\u00bb][et_pb_contact_field field_id=\u00a0\u00bbnome_cognome\u00a0\u00bb field_title=\u00a0\u00bbPr\u00e9nom et nom\u00a0\u00bb fullwidth_field=\u00a0\u00bbon\u00a0\u00bb _builder_version=\u00a0\u00bb3.19&Prime; border_radii=\u00a0\u00bbon||||\u00a0\u00bb button_text_size__hover_enabled=\u00a0\u00bboff\u00a0\u00bb button_one_text_size__hover_enabled=\u00a0\u00bboff\u00a0\u00bb button_two_text_size__hover_enabled=\u00a0\u00bboff\u00a0\u00bb button_text_color__hover_enabled=\u00a0\u00bboff\u00a0\u00bb button_one_text_color__hover_enabled=\u00a0\u00bboff\u00a0\u00bb button_two_text_color__hover_enabled=\u00a0\u00bboff\u00a0\u00bb button_border_width__hover_enabled=\u00a0\u00bboff\u00a0\u00bb button_one_border_width__hover_enabled=\u00a0\u00bboff\u00a0\u00bb button_two_border_width__hover_enabled=\u00a0\u00bboff\u00a0\u00bb button_border_color__hover_enabled=\u00a0\u00bboff\u00a0\u00bb button_one_border_color__hover_enabled=\u00a0\u00bboff\u00a0\u00bb button_two_border_color__hover_enabled=\u00a0\u00bboff\u00a0\u00bb button_border_radius__hover_enabled=\u00a0\u00bboff\u00a0\u00bb button_one_border_radius__hover_enabled=\u00a0\u00bboff\u00a0\u00bb button_two_border_radius__hover_enabled=\u00a0\u00bboff\u00a0\u00bb button_letter_spacing__hover_enabled=\u00a0\u00bboff\u00a0\u00bb button_one_letter_spacing__hover_enabled=\u00a0\u00bboff\u00a0\u00bb button_two_letter_spacing__hover_enabled=\u00a0\u00bboff\u00a0\u00bb button_bg_color__hover_enabled=\u00a0\u00bboff\u00a0\u00bb button_one_bg_color__hover_enabled=\u00a0\u00bboff\u00a0\u00bb button_two_bg_color__hover_enabled=\u00a0\u00bboff\u00a0\u00bb][\/et_pb_contact_field][et_pb_contact_field field_id=\u00a0\u00bbazienda\u00a0\u00bb field_title=\u00a0\u00bbSoci\u00e9t\u00e9\u00a0\u00bb fullwidth_field=\u00a0\u00bbon\u00a0\u00bb _builder_version=\u00a0\u00bb3.19&Prime;][\/et_pb_contact_field][et_pb_contact_field field_id=\u00a0\u00bbEmail\u00a0\u00bb field_title=\u00a0\u00bbAdresse email\u00a0\u00bb field_type=\u00a0\u00bbemail\u00a0\u00bb fullwidth_field=\u00a0\u00bbon\u00a0\u00bb _builder_version=\u00a0\u00bb3.19&Prime; border_radii=\u00a0\u00bbon||||\u00a0\u00bb button_text_size__hover_enabled=\u00a0\u00bboff\u00a0\u00bb button_one_text_size__hover_enabled=\u00a0\u00bboff\u00a0\u00bb button_two_text_size__hover_enabled=\u00a0\u00bboff\u00a0\u00bb button_text_color__hover_enabled=\u00a0\u00bboff\u00a0\u00bb button_one_text_color__hover_enabled=\u00a0\u00bboff\u00a0\u00bb button_two_text_color__hover_enabled=\u00a0\u00bboff\u00a0\u00bb button_border_width__hover_enabled=\u00a0\u00bboff\u00a0\u00bb button_one_border_width__hover_enabled=\u00a0\u00bboff\u00a0\u00bb button_two_border_width__hover_enabled=\u00a0\u00bboff\u00a0\u00bb button_border_color__hover_enabled=\u00a0\u00bboff\u00a0\u00bb button_one_border_color__hover_enabled=\u00a0\u00bboff\u00a0\u00bb button_two_border_color__hover_enabled=\u00a0\u00bboff\u00a0\u00bb button_border_radius__hover_enabled=\u00a0\u00bboff\u00a0\u00bb button_one_border_radius__hover_enabled=\u00a0\u00bboff\u00a0\u00bb button_two_border_radius__hover_enabled=\u00a0\u00bboff\u00a0\u00bb button_letter_spacing__hover_enabled=\u00a0\u00bboff\u00a0\u00bb button_one_letter_spacing__hover_enabled=\u00a0\u00bboff\u00a0\u00bb button_two_letter_spacing__hover_enabled=\u00a0\u00bboff\u00a0\u00bb button_bg_color__hover_enabled=\u00a0\u00bboff\u00a0\u00bb button_one_bg_color__hover_enabled=\u00a0\u00bboff\u00a0\u00bb button_two_bg_color__hover_enabled=\u00a0\u00bboff\u00a0\u00bb][\/et_pb_contact_field][et_pb_contact_field field_id=\u00a0\u00bbtelefono\u00a0\u00bb field_title=\u00a0\u00bbT\u00e9l\u00e9phone\u00a0\u00bb fullwidth_field=\u00a0\u00bbon\u00a0\u00bb _builder_version=\u00a0\u00bb3.19&Prime;][\/et_pb_contact_field][et_pb_contact_field field_id=\u00a0\u00bbMessage\u00a0\u00bb field_title=\u00a0\u00bbMessage\u00a0\u00bb field_type=\u00a0\u00bbtext\u00a0\u00bb fullwidth_field=\u00a0\u00bbon\u00a0\u00bb _builder_version=\u00a0\u00bb3.16&Prime; border_radii=\u00a0\u00bbon||||\u00a0\u00bb button_text_size__hover_enabled=\u00a0\u00bboff\u00a0\u00bb button_one_text_size__hover_enabled=\u00a0\u00bboff\u00a0\u00bb button_two_text_size__hover_enabled=\u00a0\u00bboff\u00a0\u00bb button_text_color__hover_enabled=\u00a0\u00bboff\u00a0\u00bb button_one_text_color__hover_enabled=\u00a0\u00bboff\u00a0\u00bb button_two_text_color__hover_enabled=\u00a0\u00bboff\u00a0\u00bb button_border_width__hover_enabled=\u00a0\u00bboff\u00a0\u00bb button_one_border_width__hover_enabled=\u00a0\u00bboff\u00a0\u00bb button_two_border_width__hover_enabled=\u00a0\u00bboff\u00a0\u00bb button_border_color__hover_enabled=\u00a0\u00bboff\u00a0\u00bb button_one_border_color__hover_enabled=\u00a0\u00bboff\u00a0\u00bb button_two_border_color__hover_enabled=\u00a0\u00bboff\u00a0\u00bb button_border_radius__hover_enabled=\u00a0\u00bboff\u00a0\u00bb button_one_border_radius__hover_enabled=\u00a0\u00bboff\u00a0\u00bb button_two_border_radius__hover_enabled=\u00a0\u00bboff\u00a0\u00bb button_letter_spacing__hover_enabled=\u00a0\u00bboff\u00a0\u00bb button_one_letter_spacing__hover_enabled=\u00a0\u00bboff\u00a0\u00bb button_two_letter_spacing__hover_enabled=\u00a0\u00bboff\u00a0\u00bb button_bg_color__hover_enabled=\u00a0\u00bboff\u00a0\u00bb button_one_bg_color__hover_enabled=\u00a0\u00bboff\u00a0\u00bb button_two_bg_color__hover_enabled=\u00a0\u00bboff\u00a0\u00bb][\/et_pb_contact_field][et_pb_contact_field field_id=\u00a0\u00bbprivacy\u00a0\u00bb field_title=\u00a0\u00bbAutorisation pour le traitement des donn\u00e9es \u00e0 caract\u00e8re personnel\u00a0\u00bb field_type=\u00a0\u00bbcheckbox\u00a0\u00bb checkbox_options=\u00a0\u00bb%91{%22value%22:%22Acconsento%22,%22checked%22:0,%22dragID%22:-1}%93&Prime; fullwidth_field=\u00a0\u00bbon\u00a0\u00bb _builder_version=\u00a0\u00bb3.19&Prime;][\/et_pb_contact_field][\/et_pb_contact_form][\/et_pb_column][\/et_pb_row][et_pb_row _builder_version=\u00a0\u00bb3.19&Prime;][et_pb_column type=\u00a0\u00bb4_4&Prime; _builder_version=\u00a0\u00bb3.19&Prime;][et_pb_code _builder_version=\u00a0\u00bb3.19&Prime;]<iframe loading=\"lazy\" src=\"https:\/\/www.google.com\/maps\/embed?pb=!1m18!1m12!1m3!1d2960.6603641924125!2d12.582708315899861!3d42.093325959895964!2m3!1f0!2f0!3f0!3m2!1i1024!2i768!4f13.1!3m3!1m2!1s0x132f6e9a60e09bdb%3A0xde32f205e55324fa!2sVOGANTO+ALADDIN!5e0!3m2!1sit!2sit!4v1545597336068\" width=\"100%\" height=\"450\" frameborder=\"0\" style=\"border:0\" allowfullscreen><\/iframe>[\/et_pb_code][\/et_pb_column][\/et_pb_row][\/et_pb_section]<\/p>\n","protected":false},"excerpt":{"rendered":"<p>Venez nous rendre visite!Circonvallazione della Protezione Civile, n\u00b0 9T\u00e9l\u00e9phone: + 39 06.90.38.00.64Fax: + 39 06.90.85.186Heures d&rsquo;ouverture au public Ouvert Du lundi au vendrediMatin du 9:30 au 13:30Apr\u00e8s-midi du 14:30 au 18:30 Samedi: ferm\u00e9Dimanche: ferm\u00e9<\/p>\n","protected":false},"author":2,"featured_media":0,"parent":0,"menu_order":0,"comment_status":"closed","ping_status":"closed","template":"","meta":{"_et_pb_use_builder":"on","_et_pb_old_content":"","_et_gb_content_width":"","footnotes":""},"class_list":["post-74194","page","type-page","status-publish","hentry"],"yoast_head":"<!-- This site is optimized with the Yoast SEO plugin v24.7 - https:\/\/yoast.com\/wordpress\/plugins\/seo\/ -->\n<title>Contactez-nous - Voganto Kids<\/title>\n<meta name=\"robots\" content=\"index, follow, max-snippet:-1, max-image-preview:large, max-video-preview:-1\" \/>\n<link rel=\"canonical\" href=\"https:\/\/www.vogantokids.it\/fr\/contattaci\/\" \/>\n<meta property=\"og:locale\" content=\"fr_FR\" \/>\n<meta property=\"og:type\" content=\"article\" \/>\n<meta property=\"og:title\" content=\"Contactez-nous - Voganto Kids\" \/>\n<meta property=\"og:description\" content=\"Venez nous rendre visite!Circonvallazione della Protezione Civile, n\u00b0 9T\u00e9l\u00e9phone: + 39 06.90.38.00.64Fax: + 39 06.90.85.186Heures d&#039;ouverture au public Ouvert Du lundi au vendrediMatin du 9:30 au 13:30Apr\u00e8s-midi du 14:30 au 18:30 Samedi: ferm\u00e9Dimanche: ferm\u00e9\" \/>\n<meta property=\"og:url\" content=\"https:\/\/www.vogantokids.it\/fr\/contattaci\/\" \/>\n<meta property=\"og:site_name\" content=\"Voganto Kids\" \/>\n<meta property=\"article:modified_time\" content=\"2019-03-25T16:47:16+00:00\" \/>\n<meta name=\"twitter:card\" content=\"summary_large_image\" \/>\n<meta name=\"twitter:label1\" content=\"Dur\u00e9e de lecture estim\u00e9e\" \/>\n\t<meta name=\"twitter:data1\" content=\"4 minutes\" \/>\n<script type=\"application\/ld+json\" class=\"yoast-schema-graph\">{\"@context\":\"https:\/\/schema.org\",\"@graph\":[{\"@type\":\"WebPage\",\"@id\":\"https:\/\/www.vogantokids.it\/fr\/contattaci\/\",\"url\":\"https:\/\/www.vogantokids.it\/fr\/contattaci\/\",\"name\":\"Contactez-nous - Voganto Kids\",\"isPartOf\":{\"@id\":\"https:\/\/www.vogantokids.it\/#website\"},\"datePublished\":\"2018-12-14T19:47:36+00:00\",\"dateModified\":\"2019-03-25T16:47:16+00:00\",\"breadcrumb\":{\"@id\":\"https:\/\/www.vogantokids.it\/fr\/contattaci\/#breadcrumb\"},\"inLanguage\":\"fr-FR\",\"potentialAction\":[{\"@type\":\"ReadAction\",\"target\":[\"https:\/\/www.vogantokids.it\/fr\/contattaci\/\"]}]},{\"@type\":\"BreadcrumbList\",\"@id\":\"https:\/\/www.vogantokids.it\/fr\/contattaci\/#breadcrumb\",\"itemListElement\":[{\"@type\":\"ListItem\",\"position\":1,\"name\":\"Home\",\"item\":\"https:\/\/www.vogantokids.it\/fr\/\"},{\"@type\":\"ListItem\",\"position\":2,\"name\":\"Contactez-nous\"}]},{\"@type\":\"WebSite\",\"@id\":\"https:\/\/www.vogantokids.it\/#website\",\"url\":\"https:\/\/www.vogantokids.it\/\",\"name\":\"Voganto Kids\",\"description\":\"\",\"potentialAction\":[{\"@type\":\"SearchAction\",\"target\":{\"@type\":\"EntryPoint\",\"urlTemplate\":\"https:\/\/www.vogantokids.it\/?s={search_term_string}\"},\"query-input\":{\"@type\":\"PropertyValueSpecification\",\"valueRequired\":true,\"valueName\":\"search_term_string\"}}],\"inLanguage\":\"fr-FR\"}]}<\/script>\n<!-- \/ Yoast SEO plugin. -->","yoast_head_json":{"title":"Contactez-nous - Voganto Kids","robots":{"index":"index","follow":"follow","max-snippet":"max-snippet:-1","max-image-preview":"max-image-preview:large","max-video-preview":"max-video-preview:-1"},"canonical":"https:\/\/www.vogantokids.it\/fr\/contattaci\/","og_locale":"fr_FR","og_type":"article","og_title":"Contactez-nous - Voganto Kids","og_description":"Venez nous rendre visite!Circonvallazione della Protezione Civile, n\u00b0 9T\u00e9l\u00e9phone: + 39 06.90.38.00.64Fax: + 39 06.90.85.186Heures d'ouverture au public Ouvert Du lundi au vendrediMatin du 9:30 au 13:30Apr\u00e8s-midi du 14:30 au 18:30 Samedi: ferm\u00e9Dimanche: ferm\u00e9","og_url":"https:\/\/www.vogantokids.it\/fr\/contattaci\/","og_site_name":"Voganto Kids","article_modified_time":"2019-03-25T16:47:16+00:00","twitter_card":"summary_large_image","twitter_misc":{"Dur\u00e9e de lecture estim\u00e9e":"4 minutes"},"schema":{"@context":"https:\/\/schema.org","@graph":[{"@type":"WebPage","@id":"https:\/\/www.vogantokids.it\/fr\/contattaci\/","url":"https:\/\/www.vogantokids.it\/fr\/contattaci\/","name":"Contactez-nous - Voganto Kids","isPartOf":{"@id":"https:\/\/www.vogantokids.it\/#website"},"datePublished":"2018-12-14T19:47:36+00:00","dateModified":"2019-03-25T16:47:16+00:00","breadcrumb":{"@id":"https:\/\/www.vogantokids.it\/fr\/contattaci\/#breadcrumb"},"inLanguage":"fr-FR","potentialAction":[{"@type":"ReadAction","target":["https:\/\/www.vogantokids.it\/fr\/contattaci\/"]}]},{"@type":"BreadcrumbList","@id":"https:\/\/www.vogantokids.it\/fr\/contattaci\/#breadcrumb","itemListElement":[{"@type":"ListItem","position":1,"name":"Home","item":"https:\/\/www.vogantokids.it\/fr\/"},{"@type":"ListItem","position":2,"name":"Contactez-nous"}]},{"@type":"WebSite","@id":"https:\/\/www.vogantokids.it\/#website","url":"https:\/\/www.vogantokids.it\/","name":"Voganto Kids","description":"","potentialAction":[{"@type":"SearchAction","target":{"@type":"EntryPoint","urlTemplate":"https:\/\/www.vogantokids.it\/?s={search_term_string}"},"query-input":{"@type":"PropertyValueSpecification","valueRequired":true,"valueName":"search_term_string"}}],"inLanguage":"fr-FR"}]}},"_links":{"self":[{"href":"https:\/\/www.vogantokids.it\/fr\/wp-json\/wp\/v2\/pages\/74194"}],"collection":[{"href":"https:\/\/www.vogantokids.it\/fr\/wp-json\/wp\/v2\/pages"}],"about":[{"href":"https:\/\/www.vogantokids.it\/fr\/wp-json\/wp\/v2\/types\/page"}],"author":[{"embeddable":true,"href":"https:\/\/www.vogantokids.it\/fr\/wp-json\/wp\/v2\/users\/2"}],"replies":[{"embeddable":true,"href":"https:\/\/www.vogantokids.it\/fr\/wp-json\/wp\/v2\/comments?post=74194"}],"version-history":[{"count":5,"href":"https:\/\/www.vogantokids.it\/fr\/wp-json\/wp\/v2\/pages\/74194\/revisions"}],"predecessor-version":[{"id":74725,"href":"https:\/\/www.vogantokids.it\/fr\/wp-json\/wp\/v2\/pages\/74194\/revisions\/74725"}],"wp:attachment":[{"href":"https:\/\/www.vogantokids.it\/fr\/wp-json\/wp\/v2\/media?parent=74194"}],"curies":[{"name":"wp","href":"https:\/\/api.w.org\/{rel}","templated":true}]}}