{"id":74385,"date":"2019-01-14T21:14:25","date_gmt":"2019-01-14T21:14:25","guid":{"rendered":"https:\/\/www.vogantokids.it\/nos-boutiques\/"},"modified":"2019-01-23T19:42:57","modified_gmt":"2019-01-23T19:42:57","slug":"nos-boutiques","status":"publish","type":"page","link":"https:\/\/www.vogantokids.it\/fr\/nos-boutiques\/","title":{"rendered":"Nos boutiques"},"content":{"rendered":"<p>[et_pb_section fb_built=\u00a0\u00bb1&Prime; _builder_version=\u00a0\u00bb3.19&Prime;][et_pb_row _builder_version=\u00a0\u00bb3.19&Prime;][et_pb_column type=\u00a0\u00bb4_4&Prime; _builder_version=\u00a0\u00bb3.19&Prime; parallax=\u00a0\u00bboff\u00a0\u00bb parallax_method=\u00a0\u00bbon\u00a0\u00bb][et_pb_text _builder_version=\u00a0\u00bb3.19&Prime; header_font=\u00a0\u00bbAmatic SC||||||||\u00a0\u00bb header_text_color=\u00a0\u00bb#f26d00&Prime; header_font_size=\u00a0\u00bb48px\u00a0\u00bb header_letter_spacing=\u00a0\u00bb1px\u00a0\u00bb]<\/p>\n<h1 style=\"text-align: center;\">Trouvez le magasin pr\u00e8s de chez vous!<\/h1>\n<p>[\/et_pb_text][\/et_pb_column][\/et_pb_row][et_pb_row _builder_version=\u00a0\u00bb3.19&Prime;][et_pb_column type=\u00a0\u00bb4_4&Prime; _builder_version=\u00a0\u00bb3.19&Prime; parallax=\u00a0\u00bboff\u00a0\u00bb parallax_method=\u00a0\u00bbon\u00a0\u00bb][et_pb_code _builder_version=\u00a0\u00bb3.19&Prime;]<style>\r\n\t#wpsl-stores .wpsl-store-thumb {height:45px !important; width:45px !important;}\r\n\t#wpsl-stores, #wpsl-direction-details, #wpsl-gmap {height:350px !important;}\r\n\t#wpsl-gmap .wpsl-info-window {max-width:225px !important;}\r\n\t.wpsl-input label, #wpsl-radius label, #wpsl-category label {width:95px;}\r\n\t#wpsl-search-input  {width:179px;}\r\n<\/style>\r\n<div id=\"wpsl-wrap\">\r\n\t<div class=\"wpsl-search wpsl-clearfix \">\r\n\t\t<div id=\"wpsl-search-wrap\">\r\n\t\t\t<form autocomplete=\"off\">\r\n\t\t\t<div class=\"wpsl-input\">\r\n\t\t\t\t<div><label for=\"wpsl-search-input\">Your location<\/label><\/div>\r\n\t\t\t\t<input id=\"wpsl-search-input\" type=\"text\" value=\"\" name=\"wpsl-search-input\" placeholder=\"\" aria-required=\"true\" \/>\r\n\t\t\t<\/div>\r\n\t\t\t<div class=\"wpsl-select-wrap\">\r\n\t\t\t\t<div id=\"wpsl-radius\">\r\n\t\t\t\t\t<label for=\"wpsl-radius-dropdown\">Search radius<\/label>\r\n\t\t\t\t\t<select id=\"wpsl-radius-dropdown\" class=\"wpsl-dropdown\" name=\"wpsl-radius\">\r\n\t\t\t\t\t\t<option value=\"10\">10 km<\/option><option value=\"25\">25 km<\/option><option selected=\"selected\" value=\"50\">50 km<\/option><option value=\"100\">100 km<\/option><option value=\"200\">200 km<\/option><option value=\"500\">500 km<\/option>\r\n\t\t\t\t\t<\/select>\r\n\t\t\t\t<\/div>\r\n\t\t\t\t<div id=\"wpsl-results\">\r\n\t\t\t\t\t<label for=\"wpsl-results-dropdown\">Results<\/label>\r\n\t\t\t\t\t<select id=\"wpsl-results-dropdown\" class=\"wpsl-dropdown\" name=\"wpsl-results\">\r\n\t\t\t\t\t\t<option selected=\"selected\" value=\"25\">25<\/option><option value=\"50\">50<\/option><option value=\"75\">75<\/option><option value=\"100\">100<\/option>\r\n\t\t\t\t\t<\/select>\r\n\t\t\t\t<\/div>\r\n\t\t\t<\/div>\r\n\t\t\t\t<div class=\"wpsl-search-btn-wrap\"><input id=\"wpsl-search-btn\" type=\"submit\" value=\"Search\"><\/div>\r\n\t\t<\/form>\r\n\t\t<\/div>\r\n\t<\/div>\r\n\t<div id=\"wpsl-gmap\" class=\"wpsl-gmap-canvas\"><\/div>\r\n\t<div id=\"wpsl-result-list\">\r\n\t\t<div id=\"wpsl-stores\" >\r\n\t\t\t<ul><\/ul>\r\n\t\t<\/div>\r\n\t\t<div id=\"wpsl-direction-details\">\r\n\t\t\t<ul><\/ul>\r\n\t\t<\/div>\r\n\t<\/div>\r\n<\/div>\r\n[\/et_pb_code][\/et_pb_column][\/et_pb_row][\/et_pb_section]<\/p>\n","protected":false},"excerpt":{"rendered":"<p>Trouvez le magasin pr\u00e8s de chez vous!<style>\r\n\t#wpsl-stores .wpsl-store-thumb {height:45px !important; width:45px !important;}\r\n\t#wpsl-stores, #wpsl-direction-details, #wpsl-gmap {height:350px !important;}\r\n\t#wpsl-gmap .wpsl-info-window {max-width:225px !important;}\r\n\t.wpsl-input label, #wpsl-radius label, #wpsl-category label {width:95px;}\r\n\t#wpsl-search-input  {width:179px;}\r\n<\/style>\r\n<div id=\"wpsl-wrap\">\r\n\t<div class=\"wpsl-search wpsl-clearfix \">\r\n\t\t<div id=\"wpsl-search-wrap\">\r\n\t\t\t<form autocomplete=\"off\">\r\n\t\t\t<div class=\"wpsl-input\">\r\n\t\t\t\t<div><label for=\"wpsl-search-input\">Your location<\/label><\/div>\r\n\t\t\t\t<input id=\"wpsl-search-input\" type=\"text\" value=\"\" name=\"wpsl-search-input\" placeholder=\"\" aria-required=\"true\" \/>\r\n\t\t\t<\/div>\r\n\t\t\t<div class=\"wpsl-select-wrap\">\r\n\t\t\t\t<div id=\"wpsl-radius\">\r\n\t\t\t\t\t<label for=\"wpsl-radius-dropdown\">Search radius<\/label>\r\n\t\t\t\t\t<select id=\"wpsl-radius-dropdown\" class=\"wpsl-dropdown\" name=\"wpsl-radius\">\r\n\t\t\t\t\t\t<option value=\"10\">10 km<\/option><option value=\"25\">25 km<\/option><option selected=\"selected\" value=\"50\">50 km<\/option><option value=\"100\">100 km<\/option><option value=\"200\">200 km<\/option><option value=\"500\">500 km<\/option>\r\n\t\t\t\t\t<\/select>\r\n\t\t\t\t<\/div>\r\n\t\t\t\t<div id=\"wpsl-results\">\r\n\t\t\t\t\t<label for=\"wpsl-results-dropdown\">Results<\/label>\r\n\t\t\t\t\t<select id=\"wpsl-results-dropdown\" class=\"wpsl-dropdown\" name=\"wpsl-results\">\r\n\t\t\t\t\t\t<option selected=\"selected\" value=\"25\">25<\/option><option value=\"50\">50<\/option><option value=\"75\">75<\/option><option value=\"100\">100<\/option>\r\n\t\t\t\t\t<\/select>\r\n\t\t\t\t<\/div>\r\n\t\t\t<\/div>\r\n\t\t\t\t<div class=\"wpsl-search-btn-wrap\"><input id=\"wpsl-search-btn\" type=\"submit\" value=\"Search\"><\/div>\r\n\t\t<\/form>\r\n\t\t<\/div>\r\n\t<\/div>\r\n\t<div id=\"wpsl-gmap\" class=\"wpsl-gmap-canvas\"><\/div>\r\n\t<div id=\"wpsl-result-list\">\r\n\t\t<div id=\"wpsl-stores\" >\r\n\t\t\t<ul><\/ul>\r\n\t\t<\/div>\r\n\t\t<div id=\"wpsl-direction-details\">\r\n\t\t\t<ul><\/ul>\r\n\t\t<\/div>\r\n\t<\/div>\r\n<\/div>\r\n<\/p>\n","protected":false},"author":1,"featured_media":0,"parent":0,"menu_order":0,"comment_status":"closed","ping_status":"closed","template":"","meta":{"_et_pb_use_builder":"on","_et_pb_old_content":"","_et_gb_content_width":"","footnotes":""},"class_list":["post-74385","page","type-page","status-publish","hentry"],"yoast_head":"<!-- This site is optimized with the Yoast SEO plugin v24.7 - https:\/\/yoast.com\/wordpress\/plugins\/seo\/ -->\n<title>Magasins o\u00f9 vous pouvez trouver des v\u00eatements pour les filles de voganto Kids<\/title>\n<meta name=\"description\" content=\"Acc\u00e9dez \u00e0 notre localisateur pour trouver le magasin le plus proche o\u00f9 acheter les v\u00eatements pour les filles de la ligne Voganto Kids.\" \/>\n<meta name=\"robots\" content=\"index, follow, max-snippet:-1, max-image-preview:large, max-video-preview:-1\" \/>\n<link rel=\"canonical\" href=\"https:\/\/www.vogantokids.it\/fr\/nos-boutiques\/\" \/>\n<meta property=\"og:locale\" content=\"fr_FR\" \/>\n<meta property=\"og:type\" content=\"article\" \/>\n<meta property=\"og:title\" content=\"Magasins o\u00f9 vous pouvez trouver des v\u00eatements pour les filles de voganto Kids\" \/>\n<meta property=\"og:description\" content=\"Acc\u00e9dez \u00e0 notre localisateur pour trouver le magasin le plus proche o\u00f9 acheter les v\u00eatements pour les filles de la ligne Voganto Kids.\" \/>\n<meta property=\"og:url\" content=\"https:\/\/www.vogantokids.it\/fr\/nos-boutiques\/\" \/>\n<meta property=\"og:site_name\" content=\"Voganto Kids\" \/>\n<meta property=\"article:modified_time\" content=\"2019-01-23T19:42:57+00:00\" \/>\n<meta name=\"twitter:card\" content=\"summary_large_image\" \/>\n<script type=\"application\/ld+json\" class=\"yoast-schema-graph\">{\"@context\":\"https:\/\/schema.org\",\"@graph\":[{\"@type\":\"WebPage\",\"@id\":\"https:\/\/www.vogantokids.it\/fr\/nos-boutiques\/\",\"url\":\"https:\/\/www.vogantokids.it\/fr\/nos-boutiques\/\",\"name\":\"Magasins o\u00f9 vous pouvez trouver des v\u00eatements pour les filles de voganto Kids\",\"isPartOf\":{\"@id\":\"https:\/\/www.vogantokids.it\/#website\"},\"datePublished\":\"2019-01-14T21:14:25+00:00\",\"dateModified\":\"2019-01-23T19:42:57+00:00\",\"description\":\"Acc\u00e9dez \u00e0 notre localisateur pour trouver le magasin le plus proche o\u00f9 acheter les v\u00eatements pour les filles de la ligne Voganto Kids.\",\"breadcrumb\":{\"@id\":\"https:\/\/www.vogantokids.it\/fr\/nos-boutiques\/#breadcrumb\"},\"inLanguage\":\"fr-FR\",\"potentialAction\":[{\"@type\":\"ReadAction\",\"target\":[\"https:\/\/www.vogantokids.it\/fr\/nos-boutiques\/\"]}]},{\"@type\":\"BreadcrumbList\",\"@id\":\"https:\/\/www.vogantokids.it\/fr\/nos-boutiques\/#breadcrumb\",\"itemListElement\":[{\"@type\":\"ListItem\",\"position\":1,\"name\":\"Home\",\"item\":\"https:\/\/www.vogantokids.it\/fr\/\"},{\"@type\":\"ListItem\",\"position\":2,\"name\":\"Nos boutiques\"}]},{\"@type\":\"WebSite\",\"@id\":\"https:\/\/www.vogantokids.it\/#website\",\"url\":\"https:\/\/www.vogantokids.it\/\",\"name\":\"Voganto Kids\",\"description\":\"\",\"potentialAction\":[{\"@type\":\"SearchAction\",\"target\":{\"@type\":\"EntryPoint\",\"urlTemplate\":\"https:\/\/www.vogantokids.it\/?s={search_term_string}\"},\"query-input\":{\"@type\":\"PropertyValueSpecification\",\"valueRequired\":true,\"valueName\":\"search_term_string\"}}],\"inLanguage\":\"fr-FR\"}]}<\/script>\n<!-- \/ Yoast SEO plugin. -->","yoast_head_json":{"title":"Magasins o\u00f9 vous pouvez trouver des v\u00eatements pour les filles de voganto Kids","description":"Acc\u00e9dez \u00e0 notre localisateur pour trouver le magasin le plus proche o\u00f9 acheter les v\u00eatements pour les filles de la ligne Voganto Kids.","robots":{"index":"index","follow":"follow","max-snippet":"max-snippet:-1","max-image-preview":"max-image-preview:large","max-video-preview":"max-video-preview:-1"},"canonical":"https:\/\/www.vogantokids.it\/fr\/nos-boutiques\/","og_locale":"fr_FR","og_type":"article","og_title":"Magasins o\u00f9 vous pouvez trouver des v\u00eatements pour les filles de voganto Kids","og_description":"Acc\u00e9dez \u00e0 notre localisateur pour trouver le magasin le plus proche o\u00f9 acheter les v\u00eatements pour les filles de la ligne Voganto Kids.","og_url":"https:\/\/www.vogantokids.it\/fr\/nos-boutiques\/","og_site_name":"Voganto Kids","article_modified_time":"2019-01-23T19:42:57+00:00","twitter_card":"summary_large_image","schema":{"@context":"https:\/\/schema.org","@graph":[{"@type":"WebPage","@id":"https:\/\/www.vogantokids.it\/fr\/nos-boutiques\/","url":"https:\/\/www.vogantokids.it\/fr\/nos-boutiques\/","name":"Magasins o\u00f9 vous pouvez trouver des v\u00eatements pour les filles de voganto Kids","isPartOf":{"@id":"https:\/\/www.vogantokids.it\/#website"},"datePublished":"2019-01-14T21:14:25+00:00","dateModified":"2019-01-23T19:42:57+00:00","description":"Acc\u00e9dez \u00e0 notre localisateur pour trouver le magasin le plus proche o\u00f9 acheter les v\u00eatements pour les filles de la ligne Voganto Kids.","breadcrumb":{"@id":"https:\/\/www.vogantokids.it\/fr\/nos-boutiques\/#breadcrumb"},"inLanguage":"fr-FR","potentialAction":[{"@type":"ReadAction","target":["https:\/\/www.vogantokids.it\/fr\/nos-boutiques\/"]}]},{"@type":"BreadcrumbList","@id":"https:\/\/www.vogantokids.it\/fr\/nos-boutiques\/#breadcrumb","itemListElement":[{"@type":"ListItem","position":1,"name":"Home","item":"https:\/\/www.vogantokids.it\/fr\/"},{"@type":"ListItem","position":2,"name":"Nos boutiques"}]},{"@type":"WebSite","@id":"https:\/\/www.vogantokids.it\/#website","url":"https:\/\/www.vogantokids.it\/","name":"Voganto Kids","description":"","potentialAction":[{"@type":"SearchAction","target":{"@type":"EntryPoint","urlTemplate":"https:\/\/www.vogantokids.it\/?s={search_term_string}"},"query-input":{"@type":"PropertyValueSpecification","valueRequired":true,"valueName":"search_term_string"}}],"inLanguage":"fr-FR"}]}},"_links":{"self":[{"href":"https:\/\/www.vogantokids.it\/fr\/wp-json\/wp\/v2\/pages\/74385"}],"collection":[{"href":"https:\/\/www.vogantokids.it\/fr\/wp-json\/wp\/v2\/pages"}],"about":[{"href":"https:\/\/www.vogantokids.it\/fr\/wp-json\/wp\/v2\/types\/page"}],"author":[{"embeddable":true,"href":"https:\/\/www.vogantokids.it\/fr\/wp-json\/wp\/v2\/users\/1"}],"replies":[{"embeddable":true,"href":"https:\/\/www.vogantokids.it\/fr\/wp-json\/wp\/v2\/comments?post=74385"}],"version-history":[{"count":2,"href":"https:\/\/www.vogantokids.it\/fr\/wp-json\/wp\/v2\/pages\/74385\/revisions"}],"predecessor-version":[{"id":74461,"href":"https:\/\/www.vogantokids.it\/fr\/wp-json\/wp\/v2\/pages\/74385\/revisions\/74461"}],"wp:attachment":[{"href":"https:\/\/www.vogantokids.it\/fr\/wp-json\/wp\/v2\/media?parent=74385"}],"curies":[{"name":"wp","href":"https:\/\/api.w.org\/{rel}","templated":true}]}}