{"id":74413,"date":"2019-01-23T18:28:21","date_gmt":"2019-01-23T18:28:21","guid":{"rendered":"https:\/\/www.vogantokids.it\/actualites-evenements\/"},"modified":"2019-01-23T18:28:22","modified_gmt":"2019-01-23T18:28:22","slug":"actualites-evenements","status":"publish","type":"page","link":"https:\/\/www.vogantokids.it\/fr\/actualites-evenements\/","title":{"rendered":"Actualit\u00e9s \u00e9v\u00e9nements"},"content":{"rendered":"<p>[et_pb_section fb_built=\u00a0\u00bb1&Prime; _builder_version=\u00a0\u00bb3.0.47&Prime;][et_pb_row _builder_version=\u00a0\u00bb3.19&Prime;][et_pb_column type=\u00a0\u00bb4_4&Prime; _builder_version=\u00a0\u00bb3.19&Prime; parallax=\u00a0\u00bboff\u00a0\u00bb parallax_method=\u00a0\u00bbon\u00a0\u00bb][et_pb_text _builder_version=\u00a0\u00bb3.19&Prime; header_font=\u00a0\u00bbAmatic SC||||||||\u00a0\u00bb header_text_color=\u00a0\u00bb#ef6700&Prime; header_font_size=\u00a0\u00bb64px\u00a0\u00bb]<\/p>\n<h1 style=\"text-align: center;\">Nouvelles et \u00e9v\u00e9nements<\/h1>\n<p>[\/et_pb_text][\/et_pb_column][\/et_pb_row][et_pb_row _builder_version=\u00a0\u00bb3.19&Prime; background_size=\u00a0\u00bbinitial\u00a0\u00bb background_position=\u00a0\u00bbtop_left\u00a0\u00bb background_repeat=\u00a0\u00bbrepeat\u00a0\u00bb module_alignment=\u00a0\u00bbcenter\u00a0\u00bb][et_pb_column type=\u00a0\u00bb4_4&Prime; _builder_version=\u00a0\u00bb3.0.47&Prime; parallax=\u00a0\u00bboff\u00a0\u00bb parallax_method=\u00a0\u00bbon\u00a0\u00bb][et_pb_blog fullwidth=\u00a0\u00bboff\u00a0\u00bb posts_number=\u00a0\u00bb24&Prime; include_categories=\u00a0\u00bb76&Prime; meta_date=\u00a0\u00bbj F Y\u00a0\u00bb show_author=\u00a0\u00bboff\u00a0\u00bb show_categories=\u00a0\u00bboff\u00a0\u00bb _builder_version=\u00a0\u00bb3.18.1&Prime;][\/et_pb_blog][\/et_pb_column][\/et_pb_row][\/et_pb_section]<\/p>\n","protected":false},"excerpt":{"rendered":"<p>Nouvelles et \u00e9v\u00e9nements<\/p>\n","protected":false},"author":2,"featured_media":0,"parent":0,"menu_order":0,"comment_status":"closed","ping_status":"closed","template":"","meta":{"_et_pb_use_builder":"on","_et_pb_old_content":"","_et_gb_content_width":"","footnotes":""},"class_list":["post-74413","page","type-page","status-publish","hentry"],"yoast_head":"<!-- This site is optimized with the Yoast SEO plugin v24.7 - https:\/\/yoast.com\/wordpress\/plugins\/seo\/ -->\n<title>Novit\u00e0, esposizioni ed eventi dal mondo di VOGANTO KIDS<\/title>\n<meta name=\"description\" content=\"D\u00e9couvrez les nouvelles et les \u00e9v\u00e9nements de la marque de Voganto Kids, la ligne qui habille vos filles de couleurs et d&#039;imagination, sans sacrifier la qualit\u00e9 et la s\u00e9curit\u00e9\" \/>\n<meta name=\"robots\" content=\"index, follow, max-snippet:-1, max-image-preview:large, max-video-preview:-1\" \/>\n<link rel=\"canonical\" href=\"https:\/\/www.vogantokids.it\/fr\/actualites-evenements\/\" \/>\n<meta property=\"og:locale\" content=\"fr_FR\" \/>\n<meta property=\"og:type\" content=\"article\" \/>\n<meta property=\"og:title\" content=\"Novit\u00e0, esposizioni ed eventi dal mondo di VOGANTO KIDS\" \/>\n<meta property=\"og:description\" content=\"D\u00e9couvrez les nouvelles et les \u00e9v\u00e9nements de la marque de Voganto Kids, la ligne qui habille vos filles de couleurs et d&#039;imagination, sans sacrifier la qualit\u00e9 et la s\u00e9curit\u00e9\" \/>\n<meta property=\"og:url\" content=\"https:\/\/www.vogantokids.it\/fr\/actualites-evenements\/\" \/>\n<meta property=\"og:site_name\" content=\"Voganto Kids\" \/>\n<meta property=\"article:modified_time\" content=\"2019-01-23T18:28:22+00:00\" \/>\n<meta name=\"twitter:card\" content=\"summary_large_image\" \/>\n<meta name=\"twitter:label1\" content=\"Dur\u00e9e de lecture estim\u00e9e\" \/>\n\t<meta name=\"twitter:data1\" content=\"1 minute\" \/>\n<script type=\"application\/ld+json\" class=\"yoast-schema-graph\">{\"@context\":\"https:\/\/schema.org\",\"@graph\":[{\"@type\":\"WebPage\",\"@id\":\"https:\/\/www.vogantokids.it\/fr\/actualites-evenements\/\",\"url\":\"https:\/\/www.vogantokids.it\/fr\/actualites-evenements\/\",\"name\":\"Novit\u00e0, esposizioni ed eventi dal mondo di VOGANTO KIDS\",\"isPartOf\":{\"@id\":\"https:\/\/www.vogantokids.it\/#website\"},\"datePublished\":\"2019-01-23T18:28:21+00:00\",\"dateModified\":\"2019-01-23T18:28:22+00:00\",\"description\":\"D\u00e9couvrez les nouvelles et les \u00e9v\u00e9nements de la marque de Voganto Kids, la ligne qui habille vos filles de couleurs et d'imagination, sans sacrifier la qualit\u00e9 et la s\u00e9curit\u00e9\",\"breadcrumb\":{\"@id\":\"https:\/\/www.vogantokids.it\/fr\/actualites-evenements\/#breadcrumb\"},\"inLanguage\":\"fr-FR\",\"potentialAction\":[{\"@type\":\"ReadAction\",\"target\":[\"https:\/\/www.vogantokids.it\/fr\/actualites-evenements\/\"]}]},{\"@type\":\"BreadcrumbList\",\"@id\":\"https:\/\/www.vogantokids.it\/fr\/actualites-evenements\/#breadcrumb\",\"itemListElement\":[{\"@type\":\"ListItem\",\"position\":1,\"name\":\"Home\",\"item\":\"https:\/\/www.vogantokids.it\/fr\/\"},{\"@type\":\"ListItem\",\"position\":2,\"name\":\"Actualit\u00e9s \u00e9v\u00e9nements\"}]},{\"@type\":\"WebSite\",\"@id\":\"https:\/\/www.vogantokids.it\/#website\",\"url\":\"https:\/\/www.vogantokids.it\/\",\"name\":\"Voganto Kids\",\"description\":\"\",\"potentialAction\":[{\"@type\":\"SearchAction\",\"target\":{\"@type\":\"EntryPoint\",\"urlTemplate\":\"https:\/\/www.vogantokids.it\/?s={search_term_string}\"},\"query-input\":{\"@type\":\"PropertyValueSpecification\",\"valueRequired\":true,\"valueName\":\"search_term_string\"}}],\"inLanguage\":\"fr-FR\"}]}<\/script>\n<!-- \/ Yoast SEO plugin. -->","yoast_head_json":{"title":"Novit\u00e0, esposizioni ed eventi dal mondo di VOGANTO KIDS","description":"D\u00e9couvrez les nouvelles et les \u00e9v\u00e9nements de la marque de Voganto Kids, la ligne qui habille vos filles de couleurs et d'imagination, sans sacrifier la qualit\u00e9 et la s\u00e9curit\u00e9","robots":{"index":"index","follow":"follow","max-snippet":"max-snippet:-1","max-image-preview":"max-image-preview:large","max-video-preview":"max-video-preview:-1"},"canonical":"https:\/\/www.vogantokids.it\/fr\/actualites-evenements\/","og_locale":"fr_FR","og_type":"article","og_title":"Novit\u00e0, esposizioni ed eventi dal mondo di VOGANTO KIDS","og_description":"D\u00e9couvrez les nouvelles et les \u00e9v\u00e9nements de la marque de Voganto Kids, la ligne qui habille vos filles de couleurs et d'imagination, sans sacrifier la qualit\u00e9 et la s\u00e9curit\u00e9","og_url":"https:\/\/www.vogantokids.it\/fr\/actualites-evenements\/","og_site_name":"Voganto Kids","article_modified_time":"2019-01-23T18:28:22+00:00","twitter_card":"summary_large_image","twitter_misc":{"Dur\u00e9e de lecture estim\u00e9e":"1 minute"},"schema":{"@context":"https:\/\/schema.org","@graph":[{"@type":"WebPage","@id":"https:\/\/www.vogantokids.it\/fr\/actualites-evenements\/","url":"https:\/\/www.vogantokids.it\/fr\/actualites-evenements\/","name":"Novit\u00e0, esposizioni ed eventi dal mondo di VOGANTO KIDS","isPartOf":{"@id":"https:\/\/www.vogantokids.it\/#website"},"datePublished":"2019-01-23T18:28:21+00:00","dateModified":"2019-01-23T18:28:22+00:00","description":"D\u00e9couvrez les nouvelles et les \u00e9v\u00e9nements de la marque de Voganto Kids, la ligne qui habille vos filles de couleurs et d'imagination, sans sacrifier la qualit\u00e9 et la s\u00e9curit\u00e9","breadcrumb":{"@id":"https:\/\/www.vogantokids.it\/fr\/actualites-evenements\/#breadcrumb"},"inLanguage":"fr-FR","potentialAction":[{"@type":"ReadAction","target":["https:\/\/www.vogantokids.it\/fr\/actualites-evenements\/"]}]},{"@type":"BreadcrumbList","@id":"https:\/\/www.vogantokids.it\/fr\/actualites-evenements\/#breadcrumb","itemListElement":[{"@type":"ListItem","position":1,"name":"Home","item":"https:\/\/www.vogantokids.it\/fr\/"},{"@type":"ListItem","position":2,"name":"Actualit\u00e9s \u00e9v\u00e9nements"}]},{"@type":"WebSite","@id":"https:\/\/www.vogantokids.it\/#website","url":"https:\/\/www.vogantokids.it\/","name":"Voganto Kids","description":"","potentialAction":[{"@type":"SearchAction","target":{"@type":"EntryPoint","urlTemplate":"https:\/\/www.vogantokids.it\/?s={search_term_string}"},"query-input":{"@type":"PropertyValueSpecification","valueRequired":true,"valueName":"search_term_string"}}],"inLanguage":"fr-FR"}]}},"_links":{"self":[{"href":"https:\/\/www.vogantokids.it\/fr\/wp-json\/wp\/v2\/pages\/74413"}],"collection":[{"href":"https:\/\/www.vogantokids.it\/fr\/wp-json\/wp\/v2\/pages"}],"about":[{"href":"https:\/\/www.vogantokids.it\/fr\/wp-json\/wp\/v2\/types\/page"}],"author":[{"embeddable":true,"href":"https:\/\/www.vogantokids.it\/fr\/wp-json\/wp\/v2\/users\/2"}],"replies":[{"embeddable":true,"href":"https:\/\/www.vogantokids.it\/fr\/wp-json\/wp\/v2\/comments?post=74413"}],"version-history":[{"count":1,"href":"https:\/\/www.vogantokids.it\/fr\/wp-json\/wp\/v2\/pages\/74413\/revisions"}],"predecessor-version":[{"id":74414,"href":"https:\/\/www.vogantokids.it\/fr\/wp-json\/wp\/v2\/pages\/74413\/revisions\/74414"}],"wp:attachment":[{"href":"https:\/\/www.vogantokids.it\/fr\/wp-json\/wp\/v2\/media?parent=74413"}],"curies":[{"name":"wp","href":"https:\/\/api.w.org\/{rel}","templated":true}]}}